{"id":1931,"date":"2024-05-14T16:36:42","date_gmt":"2024-05-14T19:36:42","guid":{"rendered":"https:\/\/camisetasebrindesexpress.com.br\/?post_type=product&#038;p=1931"},"modified":"2024-05-14T16:36:42","modified_gmt":"2024-05-14T19:36:42","slug":"92286-graphs-laptop-pasta-para-notebook-14-em-600d-de-alta-densidade","status":"publish","type":"product","link":"https:\/\/camisetasebrindesexpress.com.br\/index.php\/produto\/92286-graphs-laptop-pasta-para-notebook-14-em-600d-de-alta-densidade\/","title":{"rendered":"92286 GRAPHS LAPTOP. Pasta para notebook 14&#8221; em 600D de alta densidade"},"content":{"rendered":"<div class=\"texto\">Pasta para notebook em 600D de alta densidade. Compartimento forrado e almofadado, com divis\u00f3ria para notebook at\u00e9 14&#8221;. A pasta tem um bolso frontal, al\u00e7a de ombro ajust\u00e1vel, com refor\u00e7o almofadado e banda para transporte em trolley. 370 x 280 x 50 mm<\/div>\n<div class=\"icons\">\n<div class=\"icon\"><img decoding=\"async\" src=\"https:\/\/www.spotgifts.com.br\/fotos\/pictogramas\/106_tablet_inches_13818537496628da9f1c42a.png\" alt=\"SPOT\" \/><\/div>\n<\/div>\n","protected":false},"excerpt":{"rendered":"<p>Pasta para notebook em 600D de alta densidade. Compartimento forrado e almofadado, com divis\u00f3ria para notebook at\u00e9 14&#8221;. A pasta tem um bolso frontal, al\u00e7a de ombro ajust\u00e1vel, com refor\u00e7o almofadado e banda para transporte em trolley. 370 x 280 x 50 mm<\/p>\n","protected":false},"featured_media":1934,"comment_status":"open","ping_status":"closed","template":"","meta":{"_joinchat":[]},"product_cat":[21],"product_tag":[],"_links":{"self":[{"href":"https:\/\/camisetasebrindesexpress.com.br\/index.php\/wp-json\/wp\/v2\/product\/1931"}],"collection":[{"href":"https:\/\/camisetasebrindesexpress.com.br\/index.php\/wp-json\/wp\/v2\/product"}],"about":[{"href":"https:\/\/camisetasebrindesexpress.com.br\/index.php\/wp-json\/wp\/v2\/types\/product"}],"replies":[{"embeddable":true,"href":"https:\/\/camisetasebrindesexpress.com.br\/index.php\/wp-json\/wp\/v2\/comments?post=1931"}],"wp:featuredmedia":[{"embeddable":true,"href":"https:\/\/camisetasebrindesexpress.com.br\/index.php\/wp-json\/wp\/v2\/media\/1934"}],"wp:attachment":[{"href":"https:\/\/camisetasebrindesexpress.com.br\/index.php\/wp-json\/wp\/v2\/media?parent=1931"}],"wp:term":[{"taxonomy":"product_cat","embeddable":true,"href":"https:\/\/camisetasebrindesexpress.com.br\/index.php\/wp-json\/wp\/v2\/product_cat?post=1931"},{"taxonomy":"product_tag","embeddable":true,"href":"https:\/\/camisetasebrindesexpress.com.br\/index.php\/wp-json\/wp\/v2\/product_tag?post=1931"}],"curies":[{"name":"wp","href":"https:\/\/api.w.org\/{rel}","templated":true}]}}