{"id":1928,"date":"2024-05-14T16:35:21","date_gmt":"2024-05-14T19:35:21","guid":{"rendered":"https:\/\/camisetasebrindesexpress.com.br\/?post_type=product&#038;p=1928"},"modified":"2024-05-14T16:35:21","modified_gmt":"2024-05-14T19:35:21","slug":"92197-garbi-pasta-para-notebook-15-6-em-poliester-600d","status":"publish","type":"product","link":"https:\/\/camisetasebrindesexpress.com.br\/index.php\/produto\/92197-garbi-pasta-para-notebook-15-6-em-poliester-600d\/","title":{"rendered":"92197 GARBI. Pasta para notebook 15.6&#8221; em poli\u00e9ster 600D"},"content":{"rendered":"<div class=\"texto\">Pasta para notebook at\u00e9 15.6&#8221; em poli\u00e9ster 600D com al\u00e7a de ombro ajust\u00e1vel e refor\u00e7ada, 1 bolso principal e 2 bolsos adicionais. Interior forrado e almofadado. 370 x 290 x 60 mm<\/div>\n<div class=\"icons\">\n<div class=\"icon\"><img decoding=\"async\" src=\"https:\/\/www.spotgifts.com.br\/fotos\/pictogramas\/94_laptop_inches_6519448566628d789d1a7f.png\" alt=\"SPOT\" \/><\/div>\n<\/div>\n","protected":false},"excerpt":{"rendered":"<p>Pasta para notebook at\u00e9 15.6&#8221; em poli\u00e9ster 600D com al\u00e7a de ombro ajust\u00e1vel e refor\u00e7ada, 1 bolso principal e 2 bolsos adicionais. Interior forrado e almofadado. 370 x 290 x 60 mm<\/p>\n","protected":false},"featured_media":1929,"comment_status":"open","ping_status":"closed","template":"","meta":{"_joinchat":[]},"product_cat":[21],"product_tag":[],"_links":{"self":[{"href":"https:\/\/camisetasebrindesexpress.com.br\/index.php\/wp-json\/wp\/v2\/product\/1928"}],"collection":[{"href":"https:\/\/camisetasebrindesexpress.com.br\/index.php\/wp-json\/wp\/v2\/product"}],"about":[{"href":"https:\/\/camisetasebrindesexpress.com.br\/index.php\/wp-json\/wp\/v2\/types\/product"}],"replies":[{"embeddable":true,"href":"https:\/\/camisetasebrindesexpress.com.br\/index.php\/wp-json\/wp\/v2\/comments?post=1928"}],"wp:featuredmedia":[{"embeddable":true,"href":"https:\/\/camisetasebrindesexpress.com.br\/index.php\/wp-json\/wp\/v2\/media\/1929"}],"wp:attachment":[{"href":"https:\/\/camisetasebrindesexpress.com.br\/index.php\/wp-json\/wp\/v2\/media?parent=1928"}],"wp:term":[{"taxonomy":"product_cat","embeddable":true,"href":"https:\/\/camisetasebrindesexpress.com.br\/index.php\/wp-json\/wp\/v2\/product_cat?post=1928"},{"taxonomy":"product_tag","embeddable":true,"href":"https:\/\/camisetasebrindesexpress.com.br\/index.php\/wp-json\/wp\/v2\/product_tag?post=1928"}],"curies":[{"name":"wp","href":"https:\/\/api.w.org\/{rel}","templated":true}]}}