{"id":1913,"date":"2024-05-14T16:10:52","date_gmt":"2024-05-14T19:10:52","guid":{"rendered":"https:\/\/camisetasebrindesexpress.com.br\/?post_type=product&#038;p=1913"},"modified":"2024-05-14T16:10:52","modified_gmt":"2024-05-14T19:10:52","slug":"92257-seoul-pasta-multifuncoes-em-600d","status":"publish","type":"product","link":"https:\/\/camisetasebrindesexpress.com.br\/index.php\/produto\/92257-seoul-pasta-multifuncoes-em-600d\/","title":{"rendered":"92257 SEOUL. Pasta multifun\u00e7\u00f5es em 600D"},"content":{"rendered":"<p>Pasta multifun\u00e7\u00f5es em 600D. Compartimento exterior aberto (forrado) com bolso frontal com z\u00edper. A pasta tem al\u00e7a de ombro ajust\u00e1vel e al\u00e7as de m\u00e3o com refor\u00e7o. 400 x 300 x 100 mm<\/p>\n","protected":false},"excerpt":{"rendered":"<p>Pasta multifun\u00e7\u00f5es em 600D. Compartimento exterior aberto (forrado) com bolso frontal com z\u00edper. A pasta tem al\u00e7a de ombro ajust\u00e1vel e al\u00e7as de m\u00e3o com refor\u00e7o. 400 x 300 x 100 mm<\/p>\n","protected":false},"featured_media":1915,"comment_status":"open","ping_status":"closed","template":"","meta":{"_joinchat":[]},"product_cat":[21],"product_tag":[],"_links":{"self":[{"href":"https:\/\/camisetasebrindesexpress.com.br\/index.php\/wp-json\/wp\/v2\/product\/1913"}],"collection":[{"href":"https:\/\/camisetasebrindesexpress.com.br\/index.php\/wp-json\/wp\/v2\/product"}],"about":[{"href":"https:\/\/camisetasebrindesexpress.com.br\/index.php\/wp-json\/wp\/v2\/types\/product"}],"replies":[{"embeddable":true,"href":"https:\/\/camisetasebrindesexpress.com.br\/index.php\/wp-json\/wp\/v2\/comments?post=1913"}],"wp:featuredmedia":[{"embeddable":true,"href":"https:\/\/camisetasebrindesexpress.com.br\/index.php\/wp-json\/wp\/v2\/media\/1915"}],"wp:attachment":[{"href":"https:\/\/camisetasebrindesexpress.com.br\/index.php\/wp-json\/wp\/v2\/media?parent=1913"}],"wp:term":[{"taxonomy":"product_cat","embeddable":true,"href":"https:\/\/camisetasebrindesexpress.com.br\/index.php\/wp-json\/wp\/v2\/product_cat?post=1913"},{"taxonomy":"product_tag","embeddable":true,"href":"https:\/\/camisetasebrindesexpress.com.br\/index.php\/wp-json\/wp\/v2\/product_tag?post=1913"}],"curies":[{"name":"wp","href":"https:\/\/api.w.org\/{rel}","templated":true}]}}