{"id":1888,"date":"2024-05-14T16:06:27","date_gmt":"2024-05-14T19:06:27","guid":{"rendered":"https:\/\/camisetasebrindesexpress.com.br\/?post_type=product&#038;p=1888"},"modified":"2024-05-14T16:06:27","modified_gmt":"2024-05-14T19:06:27","slug":"92288-hexa-mochila-para-notebook-15-6-em-600d","status":"publish","type":"product","link":"https:\/\/camisetasebrindesexpress.com.br\/index.php\/produto\/92288-hexa-mochila-para-notebook-15-6-em-600d\/","title":{"rendered":"92288 HEXA. Mochila para notebook 15.6&#8221; em 600D"},"content":{"rendered":"<div class=\"texto\">Mochila para notebook em 600D. Compartimento com divis\u00f3ria almofadada para notebook at\u00e9 15.6&#8221;. Bolso lateral em tela e bolso frontal. Parte posterior e al\u00e7as almofadadas. Bateria e fone n\u00e3o inclusos. 310 x 450 x 120 mm<\/div>\n","protected":false},"excerpt":{"rendered":"<p>Mochila para notebook em 600D. Compartimento com divis\u00f3ria almofadada para notebook at\u00e9 15.6&#8221;. Bolso lateral em tela e bolso frontal. Parte posterior e al\u00e7as almofadadas. Bateria e fone n\u00e3o inclusos. 310 x 450 x 120 mm<\/p>\n","protected":false},"featured_media":1891,"comment_status":"open","ping_status":"closed","template":"","meta":{"_joinchat":[]},"product_cat":[21],"product_tag":[],"_links":{"self":[{"href":"https:\/\/camisetasebrindesexpress.com.br\/index.php\/wp-json\/wp\/v2\/product\/1888"}],"collection":[{"href":"https:\/\/camisetasebrindesexpress.com.br\/index.php\/wp-json\/wp\/v2\/product"}],"about":[{"href":"https:\/\/camisetasebrindesexpress.com.br\/index.php\/wp-json\/wp\/v2\/types\/product"}],"replies":[{"embeddable":true,"href":"https:\/\/camisetasebrindesexpress.com.br\/index.php\/wp-json\/wp\/v2\/comments?post=1888"}],"wp:featuredmedia":[{"embeddable":true,"href":"https:\/\/camisetasebrindesexpress.com.br\/index.php\/wp-json\/wp\/v2\/media\/1891"}],"wp:attachment":[{"href":"https:\/\/camisetasebrindesexpress.com.br\/index.php\/wp-json\/wp\/v2\/media?parent=1888"}],"wp:term":[{"taxonomy":"product_cat","embeddable":true,"href":"https:\/\/camisetasebrindesexpress.com.br\/index.php\/wp-json\/wp\/v2\/product_cat?post=1888"},{"taxonomy":"product_tag","embeddable":true,"href":"https:\/\/camisetasebrindesexpress.com.br\/index.php\/wp-json\/wp\/v2\/product_tag?post=1888"}],"curies":[{"name":"wp","href":"https:\/\/api.w.org\/{rel}","templated":true}]}}