{"id":1883,"date":"2024-05-14T16:05:34","date_gmt":"2024-05-14T19:05:34","guid":{"rendered":"https:\/\/camisetasebrindesexpress.com.br\/?post_type=product&#038;p=1883"},"modified":"2024-05-14T16:05:34","modified_gmt":"2024-05-14T19:05:34","slug":"92622-kiev-mochila-para-notebook-14-em-600d-de-alta-densidade","status":"publish","type":"product","link":"https:\/\/camisetasebrindesexpress.com.br\/index.php\/produto\/92622-kiev-mochila-para-notebook-14-em-600d-de-alta-densidade\/","title":{"rendered":"92622 KIEV. Mochila para notebook 14&#8221; em 600D de alta densidade"},"content":{"rendered":"<p>Mochila para notebook em 600D de alta densidade. Compartimento principal com divis\u00f3ria almofadada para notebook at\u00e9 14&#8243;. Bolso frontal com z\u00edper. Parte posterior e al\u00e7as almofadadas. 290 x 400 x 140 mm<\/p>\n","protected":false},"excerpt":{"rendered":"<p>Mochila para notebook em 600D de alta densidade. Compartimento principal com divis\u00f3ria almofadada para notebook at\u00e9 14&#8243;. Bolso frontal com z\u00edper. Parte posterior e al\u00e7as almofadadas. 290 x 400 x 140 mm<\/p>\n","protected":false},"featured_media":1887,"comment_status":"open","ping_status":"closed","template":"","meta":{"_joinchat":[]},"product_cat":[21],"product_tag":[],"_links":{"self":[{"href":"https:\/\/camisetasebrindesexpress.com.br\/index.php\/wp-json\/wp\/v2\/product\/1883"}],"collection":[{"href":"https:\/\/camisetasebrindesexpress.com.br\/index.php\/wp-json\/wp\/v2\/product"}],"about":[{"href":"https:\/\/camisetasebrindesexpress.com.br\/index.php\/wp-json\/wp\/v2\/types\/product"}],"replies":[{"embeddable":true,"href":"https:\/\/camisetasebrindesexpress.com.br\/index.php\/wp-json\/wp\/v2\/comments?post=1883"}],"wp:featuredmedia":[{"embeddable":true,"href":"https:\/\/camisetasebrindesexpress.com.br\/index.php\/wp-json\/wp\/v2\/media\/1887"}],"wp:attachment":[{"href":"https:\/\/camisetasebrindesexpress.com.br\/index.php\/wp-json\/wp\/v2\/media?parent=1883"}],"wp:term":[{"taxonomy":"product_cat","embeddable":true,"href":"https:\/\/camisetasebrindesexpress.com.br\/index.php\/wp-json\/wp\/v2\/product_cat?post=1883"},{"taxonomy":"product_tag","embeddable":true,"href":"https:\/\/camisetasebrindesexpress.com.br\/index.php\/wp-json\/wp\/v2\/product_tag?post=1883"}],"curies":[{"name":"wp","href":"https:\/\/api.w.org\/{rel}","templated":true}]}}