{"id":1863,"date":"2024-05-14T16:01:23","date_gmt":"2024-05-14T19:01:23","guid":{"rendered":"https:\/\/camisetasebrindesexpress.com.br\/?post_type=product&#038;p=1863"},"modified":"2024-05-14T16:01:23","modified_gmt":"2024-05-14T19:01:23","slug":"92085-creta-mochila-para-notebook-15-6-em-300d","status":"publish","type":"product","link":"https:\/\/camisetasebrindesexpress.com.br\/index.php\/produto\/92085-creta-mochila-para-notebook-15-6-em-300d\/","title":{"rendered":"92085 CRETA. Mochila para notebook 15.6&#8243; em 300D"},"content":{"rendered":"<div class=\"texto\">Mochila para notebook em 300D com 1 compartimento principal com bolso forrado para computador at\u00e9 15,6&#8243; e diversos bolsos interiores. Cont\u00e9m ainda bolso frontal, bolso lateral e entrada USB. Parte posterior e al\u00e7as s\u00e3o almofadadas. 300 x 420 x 120 mm<\/div>\n<div class=\"tag catalogo\">SPOT<\/div>\n","protected":false},"excerpt":{"rendered":"<p>Mochila para notebook em 300D com 1 compartimento principal com bolso forrado para computador at\u00e9 15,6&#8243; e diversos bolsos interiores. Cont\u00e9m ainda bolso frontal, bolso lateral e entrada USB. Parte posterior e al\u00e7as s\u00e3o almofadadas. 300 x 420 x 120 mm SPOT<\/p>\n","protected":false},"featured_media":1869,"comment_status":"open","ping_status":"closed","template":"","meta":{"_joinchat":[]},"product_cat":[21],"product_tag":[],"_links":{"self":[{"href":"https:\/\/camisetasebrindesexpress.com.br\/index.php\/wp-json\/wp\/v2\/product\/1863"}],"collection":[{"href":"https:\/\/camisetasebrindesexpress.com.br\/index.php\/wp-json\/wp\/v2\/product"}],"about":[{"href":"https:\/\/camisetasebrindesexpress.com.br\/index.php\/wp-json\/wp\/v2\/types\/product"}],"replies":[{"embeddable":true,"href":"https:\/\/camisetasebrindesexpress.com.br\/index.php\/wp-json\/wp\/v2\/comments?post=1863"}],"wp:featuredmedia":[{"embeddable":true,"href":"https:\/\/camisetasebrindesexpress.com.br\/index.php\/wp-json\/wp\/v2\/media\/1869"}],"wp:attachment":[{"href":"https:\/\/camisetasebrindesexpress.com.br\/index.php\/wp-json\/wp\/v2\/media?parent=1863"}],"wp:term":[{"taxonomy":"product_cat","embeddable":true,"href":"https:\/\/camisetasebrindesexpress.com.br\/index.php\/wp-json\/wp\/v2\/product_cat?post=1863"},{"taxonomy":"product_tag","embeddable":true,"href":"https:\/\/camisetasebrindesexpress.com.br\/index.php\/wp-json\/wp\/v2\/product_tag?post=1863"}],"curies":[{"name":"wp","href":"https:\/\/api.w.org\/{rel}","templated":true}]}}