{"id":1859,"date":"2024-05-14T16:00:26","date_gmt":"2024-05-14T19:00:26","guid":{"rendered":"https:\/\/camisetasebrindesexpress.com.br\/?post_type=product&#038;p=1859"},"modified":"2024-05-14T16:00:26","modified_gmt":"2024-05-14T19:00:26","slug":"92170-shades-bpack-mochila-para-notebook-14-em-600d-de-alta-densidade","status":"publish","type":"product","link":"https:\/\/camisetasebrindesexpress.com.br\/index.php\/produto\/92170-shades-bpack-mochila-para-notebook-14-em-600d-de-alta-densidade\/","title":{"rendered":"92170 SHADES BPACK. Mochila para notebook 14&#8221; em 600D de alta densidade"},"content":{"rendered":"<div class=\"texto\">Mochila para notebook em 600D de alta densidade. Compartimento principal forrado, com 2 divis\u00f3rias almofadadas para computador at\u00e9 14&#8221; e tablet at\u00e9 9.7&#8221;. A mochila tem 1 bolso frontal e 1 bolso lateral. Parte posterior e al\u00e7as almofadadas. 310 x 400 x 110 mm<\/div>\n<div class=\"icons\">\n<div class=\"icon\"><img decoding=\"async\" src=\"https:\/\/www.spotgifts.com.br\/fotos\/pictogramas\/94_laptop_inches_6519448566628d789d1a7f.png\" alt=\"SPOT\" \/><\/div>\n<\/div>\n","protected":false},"excerpt":{"rendered":"<p>Mochila para notebook em 600D de alta densidade. Compartimento principal forrado, com 2 divis\u00f3rias almofadadas para computador at\u00e9 14&#8221; e tablet at\u00e9 9.7&#8221;. A mochila tem 1 bolso frontal e 1 bolso lateral. Parte posterior e al\u00e7as almofadadas. 310 x 400 x 110 mm<\/p>\n","protected":false},"featured_media":1862,"comment_status":"open","ping_status":"closed","template":"","meta":{"_joinchat":[]},"product_cat":[21],"product_tag":[],"_links":{"self":[{"href":"https:\/\/camisetasebrindesexpress.com.br\/index.php\/wp-json\/wp\/v2\/product\/1859"}],"collection":[{"href":"https:\/\/camisetasebrindesexpress.com.br\/index.php\/wp-json\/wp\/v2\/product"}],"about":[{"href":"https:\/\/camisetasebrindesexpress.com.br\/index.php\/wp-json\/wp\/v2\/types\/product"}],"replies":[{"embeddable":true,"href":"https:\/\/camisetasebrindesexpress.com.br\/index.php\/wp-json\/wp\/v2\/comments?post=1859"}],"wp:featuredmedia":[{"embeddable":true,"href":"https:\/\/camisetasebrindesexpress.com.br\/index.php\/wp-json\/wp\/v2\/media\/1862"}],"wp:attachment":[{"href":"https:\/\/camisetasebrindesexpress.com.br\/index.php\/wp-json\/wp\/v2\/media?parent=1859"}],"wp:term":[{"taxonomy":"product_cat","embeddable":true,"href":"https:\/\/camisetasebrindesexpress.com.br\/index.php\/wp-json\/wp\/v2\/product_cat?post=1859"},{"taxonomy":"product_tag","embeddable":true,"href":"https:\/\/camisetasebrindesexpress.com.br\/index.php\/wp-json\/wp\/v2\/product_tag?post=1859"}],"curies":[{"name":"wp","href":"https:\/\/api.w.org\/{rel}","templated":true}]}}