{"id":1851,"date":"2024-05-14T15:58:36","date_gmt":"2024-05-14T18:58:36","guid":{"rendered":"https:\/\/camisetasebrindesexpress.com.br\/?post_type=product&#038;p=1851"},"modified":"2024-05-14T15:58:36","modified_gmt":"2024-05-14T18:58:36","slug":"52170-shades-plate-mochila-para-notebook-14-em-600d-de-alta-densidade","status":"publish","type":"product","link":"https:\/\/camisetasebrindesexpress.com.br\/index.php\/produto\/52170-shades-plate-mochila-para-notebook-14-em-600d-de-alta-densidade\/","title":{"rendered":"52170 SHADES PLATE. Mochila para notebook 14&#8221; em 600D de alta densidade"},"content":{"rendered":"<p>Mochila para notebook em 600D de alta densidade. Compartimento forrado, com duas divis\u00f3rias almofadadas para notebook at\u00e9 14&#8221; e tablet 9.7&#8221;. Com um bolso frontal e lateral, parte posterior e al\u00e7as almofadadas e placa met\u00e1lica remov\u00edvel com im\u00e3, para f\u00e1cil grava\u00e7\u00e3o. 310 x 400 x 110 mm | Placa: 50 x 20 mm<\/p>\n","protected":false},"excerpt":{"rendered":"<p>Mochila para notebook em 600D de alta densidade. Compartimento forrado, com duas divis\u00f3rias almofadadas para notebook at\u00e9 14&#8221; e tablet 9.7&#8221;. Com um bolso frontal e lateral, parte posterior e al\u00e7as almofadadas e placa met\u00e1lica remov\u00edvel com im\u00e3, para f\u00e1cil grava\u00e7\u00e3o. 310 x 400 x 110 mm | Placa: 50 x 20 mm<\/p>\n","protected":false},"featured_media":1854,"comment_status":"open","ping_status":"closed","template":"","meta":{"_joinchat":[]},"product_cat":[21],"product_tag":[],"_links":{"self":[{"href":"https:\/\/camisetasebrindesexpress.com.br\/index.php\/wp-json\/wp\/v2\/product\/1851"}],"collection":[{"href":"https:\/\/camisetasebrindesexpress.com.br\/index.php\/wp-json\/wp\/v2\/product"}],"about":[{"href":"https:\/\/camisetasebrindesexpress.com.br\/index.php\/wp-json\/wp\/v2\/types\/product"}],"replies":[{"embeddable":true,"href":"https:\/\/camisetasebrindesexpress.com.br\/index.php\/wp-json\/wp\/v2\/comments?post=1851"}],"wp:featuredmedia":[{"embeddable":true,"href":"https:\/\/camisetasebrindesexpress.com.br\/index.php\/wp-json\/wp\/v2\/media\/1854"}],"wp:attachment":[{"href":"https:\/\/camisetasebrindesexpress.com.br\/index.php\/wp-json\/wp\/v2\/media?parent=1851"}],"wp:term":[{"taxonomy":"product_cat","embeddable":true,"href":"https:\/\/camisetasebrindesexpress.com.br\/index.php\/wp-json\/wp\/v2\/product_cat?post=1851"},{"taxonomy":"product_tag","embeddable":true,"href":"https:\/\/camisetasebrindesexpress.com.br\/index.php\/wp-json\/wp\/v2\/product_tag?post=1851"}],"curies":[{"name":"wp","href":"https:\/\/api.w.org\/{rel}","templated":true}]}}