{"id":1846,"date":"2024-05-14T15:58:12","date_gmt":"2024-05-14T18:58:12","guid":{"rendered":"https:\/\/camisetasebrindesexpress.com.br\/?post_type=product&#038;p=1846"},"modified":"2024-05-14T15:58:12","modified_gmt":"2024-05-14T18:58:12","slug":"52668-graphs-plate-mochila-para-notebook-15-6-em-600d-de-alta-densidade","status":"publish","type":"product","link":"https:\/\/camisetasebrindesexpress.com.br\/index.php\/produto\/52668-graphs-plate-mochila-para-notebook-15-6-em-600d-de-alta-densidade\/","title":{"rendered":"52668 GRAPHS PLATE. Mochila para notebook 15.6&#8221; em 600D de alta densidade"},"content":{"rendered":"<p>Mochila para notebook em 600D de alta densidade com compartimento com divis\u00f3ria almofadada para notebook at\u00e9 15.6&#8221;. Interior forrado e almofadado. Mochila com 2 bolsos frontais, parte posterior e al\u00e7as almofadadas. Placa met\u00e1lica remov\u00edvel com im\u00e3, para f\u00e1cil grava\u00e7\u00e3o. 295 x 390 x 100 mm | Placa: 50 x 20 mm<\/p>\n","protected":false},"excerpt":{"rendered":"<p>Mochila para notebook em 600D de alta densidade com compartimento com divis\u00f3ria almofadada para notebook at\u00e9 15.6&#8221;. Interior forrado e almofadado. Mochila com 2 bolsos frontais, parte posterior e al\u00e7as almofadadas. Placa met\u00e1lica remov\u00edvel com im\u00e3, para f\u00e1cil grava\u00e7\u00e3o. 295 x 390 x 100 mm | Placa: 50 x 20 mm<\/p>\n","protected":false},"featured_media":1850,"comment_status":"open","ping_status":"closed","template":"","meta":{"_joinchat":[]},"product_cat":[21],"product_tag":[],"_links":{"self":[{"href":"https:\/\/camisetasebrindesexpress.com.br\/index.php\/wp-json\/wp\/v2\/product\/1846"}],"collection":[{"href":"https:\/\/camisetasebrindesexpress.com.br\/index.php\/wp-json\/wp\/v2\/product"}],"about":[{"href":"https:\/\/camisetasebrindesexpress.com.br\/index.php\/wp-json\/wp\/v2\/types\/product"}],"replies":[{"embeddable":true,"href":"https:\/\/camisetasebrindesexpress.com.br\/index.php\/wp-json\/wp\/v2\/comments?post=1846"}],"wp:featuredmedia":[{"embeddable":true,"href":"https:\/\/camisetasebrindesexpress.com.br\/index.php\/wp-json\/wp\/v2\/media\/1850"}],"wp:attachment":[{"href":"https:\/\/camisetasebrindesexpress.com.br\/index.php\/wp-json\/wp\/v2\/media?parent=1846"}],"wp:term":[{"taxonomy":"product_cat","embeddable":true,"href":"https:\/\/camisetasebrindesexpress.com.br\/index.php\/wp-json\/wp\/v2\/product_cat?post=1846"},{"taxonomy":"product_tag","embeddable":true,"href":"https:\/\/camisetasebrindesexpress.com.br\/index.php\/wp-json\/wp\/v2\/product_tag?post=1846"}],"curies":[{"name":"wp","href":"https:\/\/api.w.org\/{rel}","templated":true}]}}