{"id":1841,"date":"2024-05-14T15:56:59","date_gmt":"2024-05-14T18:56:59","guid":{"rendered":"https:\/\/camisetasebrindesexpress.com.br\/?post_type=product&#038;p=1841"},"modified":"2024-05-14T15:57:00","modified_gmt":"2024-05-14T18:57:00","slug":"92637-osasco-mochila-para-notebook-15-6-em-poliester-600d-impermeavel-e-zipers-impermeaveis","status":"publish","type":"product","link":"https:\/\/camisetasebrindesexpress.com.br\/index.php\/produto\/92637-osasco-mochila-para-notebook-15-6-em-poliester-600d-impermeavel-e-zipers-impermeaveis\/","title":{"rendered":"92637 OSASCO. Mochila para notebook 15.6&#8221; em poli\u00e9ster 600D imperme\u00e1vel e z\u00edpers imperme\u00e1veis"},"content":{"rendered":"<p>Mochila para notebook em poli\u00e9ster 600D imperme\u00e1vel e z\u00edpers imperme\u00e1veis. Compartimento principal almofadado para computador at\u00e9 15.6&#8221;. Cont\u00e9m um bolso lateral e um bolso frontal. Parte posterior almofadada, com sistema de apoio acolchoado para as costas e al\u00e7as almofadadas. 245 x 400 x 115 mm<\/p>\n","protected":false},"excerpt":{"rendered":"<p>Mochila para notebook em poli\u00e9ster 600D imperme\u00e1vel e z\u00edpers imperme\u00e1veis. Compartimento principal almofadado para computador at\u00e9 15.6&#8221;. Cont\u00e9m um bolso lateral e um bolso frontal. Parte posterior almofadada, com sistema de apoio acolchoado para as costas e al\u00e7as almofadadas. 245 x 400 x 115 mm<\/p>\n","protected":false},"featured_media":1845,"comment_status":"open","ping_status":"closed","template":"","meta":{"_joinchat":[]},"product_cat":[21],"product_tag":[],"_links":{"self":[{"href":"https:\/\/camisetasebrindesexpress.com.br\/index.php\/wp-json\/wp\/v2\/product\/1841"}],"collection":[{"href":"https:\/\/camisetasebrindesexpress.com.br\/index.php\/wp-json\/wp\/v2\/product"}],"about":[{"href":"https:\/\/camisetasebrindesexpress.com.br\/index.php\/wp-json\/wp\/v2\/types\/product"}],"replies":[{"embeddable":true,"href":"https:\/\/camisetasebrindesexpress.com.br\/index.php\/wp-json\/wp\/v2\/comments?post=1841"}],"wp:featuredmedia":[{"embeddable":true,"href":"https:\/\/camisetasebrindesexpress.com.br\/index.php\/wp-json\/wp\/v2\/media\/1845"}],"wp:attachment":[{"href":"https:\/\/camisetasebrindesexpress.com.br\/index.php\/wp-json\/wp\/v2\/media?parent=1841"}],"wp:term":[{"taxonomy":"product_cat","embeddable":true,"href":"https:\/\/camisetasebrindesexpress.com.br\/index.php\/wp-json\/wp\/v2\/product_cat?post=1841"},{"taxonomy":"product_tag","embeddable":true,"href":"https:\/\/camisetasebrindesexpress.com.br\/index.php\/wp-json\/wp\/v2\/product_tag?post=1841"}],"curies":[{"name":"wp","href":"https:\/\/api.w.org\/{rel}","templated":true}]}}