{"id":1836,"date":"2024-05-14T15:55:57","date_gmt":"2024-05-14T18:55:57","guid":{"rendered":"https:\/\/camisetasebrindesexpress.com.br\/?post_type=product&#038;p=1836"},"modified":"2024-05-14T15:55:58","modified_gmt":"2024-05-14T18:55:58","slug":"92636-bangkok-mochila-para-notebook-15-6-em-600d-de-alta-densidade-e-poliester-600d-impermeavel","status":"publish","type":"product","link":"https:\/\/camisetasebrindesexpress.com.br\/index.php\/produto\/92636-bangkok-mochila-para-notebook-15-6-em-600d-de-alta-densidade-e-poliester-600d-impermeavel\/","title":{"rendered":"92636 BANGKOK. Mochila para notebook 15.6&#8221; em 600D de alta densidade e poli\u00e9ster 600D imperme\u00e1vel"},"content":{"rendered":"<p>Mochila para notebook em 600D de alta densidade e poli\u00e9ster 600D imperme\u00e1vel. Compartimento principal almofadado para notebook at\u00e9 15.6&#8221;. Bolso frontal com z\u00edper e dois bolsos laterais em tela. Parte posterior almofadada, com sistema de apoio acolchoado para as costas e al\u00e7as almofadadas. 280 x 400 x 110 mm<\/p>\n","protected":false},"excerpt":{"rendered":"<p>Mochila para notebook em 600D de alta densidade e poli\u00e9ster 600D imperme\u00e1vel. Compartimento principal almofadado para notebook at\u00e9 15.6&#8221;. Bolso frontal com z\u00edper e dois bolsos laterais em tela. Parte posterior almofadada, com sistema de apoio acolchoado para as costas e al\u00e7as almofadadas. 280 x 400 x 110 mm<\/p>\n","protected":false},"featured_media":1840,"comment_status":"open","ping_status":"closed","template":"","meta":{"_joinchat":[]},"product_cat":[21],"product_tag":[],"_links":{"self":[{"href":"https:\/\/camisetasebrindesexpress.com.br\/index.php\/wp-json\/wp\/v2\/product\/1836"}],"collection":[{"href":"https:\/\/camisetasebrindesexpress.com.br\/index.php\/wp-json\/wp\/v2\/product"}],"about":[{"href":"https:\/\/camisetasebrindesexpress.com.br\/index.php\/wp-json\/wp\/v2\/types\/product"}],"replies":[{"embeddable":true,"href":"https:\/\/camisetasebrindesexpress.com.br\/index.php\/wp-json\/wp\/v2\/comments?post=1836"}],"wp:featuredmedia":[{"embeddable":true,"href":"https:\/\/camisetasebrindesexpress.com.br\/index.php\/wp-json\/wp\/v2\/media\/1840"}],"wp:attachment":[{"href":"https:\/\/camisetasebrindesexpress.com.br\/index.php\/wp-json\/wp\/v2\/media?parent=1836"}],"wp:term":[{"taxonomy":"product_cat","embeddable":true,"href":"https:\/\/camisetasebrindesexpress.com.br\/index.php\/wp-json\/wp\/v2\/product_cat?post=1836"},{"taxonomy":"product_tag","embeddable":true,"href":"https:\/\/camisetasebrindesexpress.com.br\/index.php\/wp-json\/wp\/v2\/product_tag?post=1836"}],"curies":[{"name":"wp","href":"https:\/\/api.w.org\/{rel}","templated":true}]}}