{"id":1830,"date":"2024-05-14T15:55:12","date_gmt":"2024-05-14T18:55:12","guid":{"rendered":"https:\/\/camisetasebrindesexpress.com.br\/?post_type=product&#038;p=1830"},"modified":"2024-05-14T15:55:12","modified_gmt":"2024-05-14T18:55:12","slug":"52637-birmingham-mochila-para-notebook-15-6-em-poliester-600d-impermeavel","status":"publish","type":"product","link":"https:\/\/camisetasebrindesexpress.com.br\/index.php\/produto\/52637-birmingham-mochila-para-notebook-15-6-em-poliester-600d-impermeavel\/","title":{"rendered":"52637 BIRMINGHAM. Mochila para notebook 15.6&#8221; em poli\u00e9ster 600D imperme\u00e1vel"},"content":{"rendered":"<p>Mochila para notebook em poli\u00e9ster 600D imperme\u00e1vel com compartimento principal almofadado para notebook at\u00e9 15.6&#8221;. Bolso frontal e z\u00edpers imperme\u00e1veis. Bolso lateral em tela e parte posterior almofadada, com sistema de apoio acolchoado para as costas e al\u00e7as almofadadas. Placa met\u00e1lica remov\u00edvel com im\u00e3, para f\u00e1cil grava\u00e7\u00e3o. 280 x 400 x 110 mm<\/p>\n","protected":false},"excerpt":{"rendered":"<p>Mochila para notebook em poli\u00e9ster 600D imperme\u00e1vel com compartimento principal almofadado para notebook at\u00e9 15.6&#8221;. Bolso frontal e z\u00edpers imperme\u00e1veis. Bolso lateral em tela e parte posterior almofadada, com sistema de apoio acolchoado para as costas e al\u00e7as almofadadas. Placa met\u00e1lica remov\u00edvel com im\u00e3, para f\u00e1cil grava\u00e7\u00e3o. 280 x 400 x 110 mm<\/p>\n","protected":false},"featured_media":1835,"comment_status":"open","ping_status":"closed","template":"","meta":{"_joinchat":[]},"product_cat":[21],"product_tag":[],"_links":{"self":[{"href":"https:\/\/camisetasebrindesexpress.com.br\/index.php\/wp-json\/wp\/v2\/product\/1830"}],"collection":[{"href":"https:\/\/camisetasebrindesexpress.com.br\/index.php\/wp-json\/wp\/v2\/product"}],"about":[{"href":"https:\/\/camisetasebrindesexpress.com.br\/index.php\/wp-json\/wp\/v2\/types\/product"}],"replies":[{"embeddable":true,"href":"https:\/\/camisetasebrindesexpress.com.br\/index.php\/wp-json\/wp\/v2\/comments?post=1830"}],"wp:featuredmedia":[{"embeddable":true,"href":"https:\/\/camisetasebrindesexpress.com.br\/index.php\/wp-json\/wp\/v2\/media\/1835"}],"wp:attachment":[{"href":"https:\/\/camisetasebrindesexpress.com.br\/index.php\/wp-json\/wp\/v2\/media?parent=1830"}],"wp:term":[{"taxonomy":"product_cat","embeddable":true,"href":"https:\/\/camisetasebrindesexpress.com.br\/index.php\/wp-json\/wp\/v2\/product_cat?post=1830"},{"taxonomy":"product_tag","embeddable":true,"href":"https:\/\/camisetasebrindesexpress.com.br\/index.php\/wp-json\/wp\/v2\/product_tag?post=1830"}],"curies":[{"name":"wp","href":"https:\/\/api.w.org\/{rel}","templated":true}]}}