{"id":1818,"date":"2024-05-14T15:52:58","date_gmt":"2024-05-14T18:52:58","guid":{"rendered":"https:\/\/camisetasebrindesexpress.com.br\/?post_type=product&#038;p=1818"},"modified":"2024-05-14T15:52:58","modified_gmt":"2024-05-14T18:52:58","slug":"92174-adventure-mochila-para-notebook-15-6-em-algodao-canvas-pre-lavado","status":"publish","type":"product","link":"https:\/\/camisetasebrindesexpress.com.br\/index.php\/produto\/92174-adventure-mochila-para-notebook-15-6-em-algodao-canvas-pre-lavado\/","title":{"rendered":"92174 ADVENTURE. Mochila para notebook 15.6&#8221; em algod\u00e3o canvas pr\u00e9-lavado"},"content":{"rendered":"<div class=\"texto\">Mochila para notebook em algod\u00e3o canvas pr\u00e9-lavado. Compartimento principal forrado, com 2 divis\u00f3rias almofadadas para computador at\u00e9 15.6&#8221; e tablet at\u00e9 10.5&#8221;. A mochila tem bolso frontal e 2 bolsos laterais. Parte posterior e al\u00e7as s\u00e3o almofadadas. Cont\u00e9m al\u00e7a para transporte em trolley e placa em c.sint\u00e9tico para personaliza\u00e7\u00e3o. 300 x 420 x 120 mm | Placa: 60 x 30 mm<\/div>\n<div class=\"tag catalogo\"><\/div>\n","protected":false},"excerpt":{"rendered":"<p>Mochila para notebook em algod\u00e3o canvas pr\u00e9-lavado. Compartimento principal forrado, com 2 divis\u00f3rias almofadadas para computador at\u00e9 15.6&#8221; e tablet at\u00e9 10.5&#8221;. A mochila tem bolso frontal e 2 bolsos laterais. Parte posterior e al\u00e7as s\u00e3o almofadadas. Cont\u00e9m al\u00e7a para transporte em trolley e placa em c.sint\u00e9tico para personaliza\u00e7\u00e3o. 300 x 420 x 120 mm [&hellip;]<\/p>\n","protected":false},"featured_media":1822,"comment_status":"open","ping_status":"closed","template":"","meta":{"_joinchat":[]},"product_cat":[21],"product_tag":[],"_links":{"self":[{"href":"https:\/\/camisetasebrindesexpress.com.br\/index.php\/wp-json\/wp\/v2\/product\/1818"}],"collection":[{"href":"https:\/\/camisetasebrindesexpress.com.br\/index.php\/wp-json\/wp\/v2\/product"}],"about":[{"href":"https:\/\/camisetasebrindesexpress.com.br\/index.php\/wp-json\/wp\/v2\/types\/product"}],"replies":[{"embeddable":true,"href":"https:\/\/camisetasebrindesexpress.com.br\/index.php\/wp-json\/wp\/v2\/comments?post=1818"}],"wp:featuredmedia":[{"embeddable":true,"href":"https:\/\/camisetasebrindesexpress.com.br\/index.php\/wp-json\/wp\/v2\/media\/1822"}],"wp:attachment":[{"href":"https:\/\/camisetasebrindesexpress.com.br\/index.php\/wp-json\/wp\/v2\/media?parent=1818"}],"wp:term":[{"taxonomy":"product_cat","embeddable":true,"href":"https:\/\/camisetasebrindesexpress.com.br\/index.php\/wp-json\/wp\/v2\/product_cat?post=1818"},{"taxonomy":"product_tag","embeddable":true,"href":"https:\/\/camisetasebrindesexpress.com.br\/index.php\/wp-json\/wp\/v2\/product_tag?post=1818"}],"curies":[{"name":"wp","href":"https:\/\/api.w.org\/{rel}","templated":true}]}}