{"id":1808,"date":"2024-05-14T15:51:17","date_gmt":"2024-05-14T18:51:17","guid":{"rendered":"https:\/\/camisetasebrindesexpress.com.br\/?post_type=product&#038;p=1808"},"modified":"2024-05-14T15:51:17","modified_gmt":"2024-05-14T18:51:17","slug":"92677-zagazig-mochila-para-notebook-17-em-900d-e-c-sintetico","status":"publish","type":"product","link":"https:\/\/camisetasebrindesexpress.com.br\/index.php\/produto\/92677-zagazig-mochila-para-notebook-17-em-900d-e-c-sintetico\/","title":{"rendered":"92677 ZAGAZIG. Mochila para notebook 17&#8221; em 900D e c. sint\u00e9tico"},"content":{"rendered":"<p>Mochila para notebook em 900D e c. sint\u00e9tico com 2 compartimentos. Compartimento posterior forrado, com divis\u00f3ria almofadada para notebook at\u00e9 17&#8221; e bolso em tela, com z\u00edper. Compartimento frontal forrado, com diversos bolsos interiores. Parte posterior e al\u00e7as almofadadas. 330 x 450 x 160 mm<\/p>\n","protected":false},"excerpt":{"rendered":"<p>Mochila para notebook em 900D e c. sint\u00e9tico com 2 compartimentos. Compartimento posterior forrado, com divis\u00f3ria almofadada para notebook at\u00e9 17&#8221; e bolso em tela, com z\u00edper. Compartimento frontal forrado, com diversos bolsos interiores. Parte posterior e al\u00e7as almofadadas. 330 x 450 x 160 mm<\/p>\n","protected":false},"featured_media":1812,"comment_status":"open","ping_status":"closed","template":"","meta":{"_joinchat":[]},"product_cat":[21],"product_tag":[],"_links":{"self":[{"href":"https:\/\/camisetasebrindesexpress.com.br\/index.php\/wp-json\/wp\/v2\/product\/1808"}],"collection":[{"href":"https:\/\/camisetasebrindesexpress.com.br\/index.php\/wp-json\/wp\/v2\/product"}],"about":[{"href":"https:\/\/camisetasebrindesexpress.com.br\/index.php\/wp-json\/wp\/v2\/types\/product"}],"replies":[{"embeddable":true,"href":"https:\/\/camisetasebrindesexpress.com.br\/index.php\/wp-json\/wp\/v2\/comments?post=1808"}],"wp:featuredmedia":[{"embeddable":true,"href":"https:\/\/camisetasebrindesexpress.com.br\/index.php\/wp-json\/wp\/v2\/media\/1812"}],"wp:attachment":[{"href":"https:\/\/camisetasebrindesexpress.com.br\/index.php\/wp-json\/wp\/v2\/media?parent=1808"}],"wp:term":[{"taxonomy":"product_cat","embeddable":true,"href":"https:\/\/camisetasebrindesexpress.com.br\/index.php\/wp-json\/wp\/v2\/product_cat?post=1808"},{"taxonomy":"product_tag","embeddable":true,"href":"https:\/\/camisetasebrindesexpress.com.br\/index.php\/wp-json\/wp\/v2\/product_tag?post=1808"}],"curies":[{"name":"wp","href":"https:\/\/api.w.org\/{rel}","templated":true}]}}