{"id":1802,"date":"2024-05-14T15:50:19","date_gmt":"2024-05-14T18:50:19","guid":{"rendered":"https:\/\/camisetasebrindesexpress.com.br\/?post_type=product&#038;p=1802"},"modified":"2024-05-14T15:50:19","modified_gmt":"2024-05-14T18:50:19","slug":"92523-derby-mochila-para-notebook-15-6-em-900d-e-c-sintetico","status":"publish","type":"product","link":"https:\/\/camisetasebrindesexpress.com.br\/index.php\/produto\/92523-derby-mochila-para-notebook-15-6-em-900d-e-c-sintetico\/","title":{"rendered":"92523 DERBY. Mochila para notebook 15.6&#8243; em 900D e c. sint\u00e9tico"},"content":{"rendered":"<div class=\"texto\">Mochila para notebook em 900D e c. sint\u00e9tico com 2 compartimentos principais e bolso frontal. O compartimento posterior \u00e9 forrado e tem divis\u00f3ria almofadada para notebook at\u00e9 15,6&#8243; e bolso em tela, com z\u00edpper. O compartimento m\u00e9dio tamb\u00e9m \u00e9 forrado e cont\u00e9m diversos bolsos interiores. A parte posterior e al\u00e7as s\u00e3o almofadadas. 330 x 450 x 160 mm<\/div>\n<div class=\"tag catalogo\"><\/div>\n","protected":false},"excerpt":{"rendered":"<p>Mochila para notebook em 900D e c. sint\u00e9tico com 2 compartimentos principais e bolso frontal. O compartimento posterior \u00e9 forrado e tem divis\u00f3ria almofadada para notebook at\u00e9 15,6&#8243; e bolso em tela, com z\u00edpper. O compartimento m\u00e9dio tamb\u00e9m \u00e9 forrado e cont\u00e9m diversos bolsos interiores. A parte posterior e al\u00e7as s\u00e3o almofadadas. 330 x 450 [&hellip;]<\/p>\n","protected":false},"featured_media":1807,"comment_status":"open","ping_status":"closed","template":"","meta":{"_joinchat":[]},"product_cat":[21],"product_tag":[],"_links":{"self":[{"href":"https:\/\/camisetasebrindesexpress.com.br\/index.php\/wp-json\/wp\/v2\/product\/1802"}],"collection":[{"href":"https:\/\/camisetasebrindesexpress.com.br\/index.php\/wp-json\/wp\/v2\/product"}],"about":[{"href":"https:\/\/camisetasebrindesexpress.com.br\/index.php\/wp-json\/wp\/v2\/types\/product"}],"replies":[{"embeddable":true,"href":"https:\/\/camisetasebrindesexpress.com.br\/index.php\/wp-json\/wp\/v2\/comments?post=1802"}],"wp:featuredmedia":[{"embeddable":true,"href":"https:\/\/camisetasebrindesexpress.com.br\/index.php\/wp-json\/wp\/v2\/media\/1807"}],"wp:attachment":[{"href":"https:\/\/camisetasebrindesexpress.com.br\/index.php\/wp-json\/wp\/v2\/media?parent=1802"}],"wp:term":[{"taxonomy":"product_cat","embeddable":true,"href":"https:\/\/camisetasebrindesexpress.com.br\/index.php\/wp-json\/wp\/v2\/product_cat?post=1802"},{"taxonomy":"product_tag","embeddable":true,"href":"https:\/\/camisetasebrindesexpress.com.br\/index.php\/wp-json\/wp\/v2\/product_tag?post=1802"}],"curies":[{"name":"wp","href":"https:\/\/api.w.org\/{rel}","templated":true}]}}