{"id":1797,"date":"2024-05-14T15:49:26","date_gmt":"2024-05-14T18:49:26","guid":{"rendered":"https:\/\/camisetasebrindesexpress.com.br\/?post_type=product&#038;p=1797"},"modified":"2024-05-14T15:49:26","modified_gmt":"2024-05-14T18:49:26","slug":"92626-rocco-mochila-para-notebook-ate-15-em-840d","status":"publish","type":"product","link":"https:\/\/camisetasebrindesexpress.com.br\/index.php\/produto\/92626-rocco-mochila-para-notebook-ate-15-em-840d\/","title":{"rendered":"92626 ROCCO. Mochila para notebook at\u00e9 15&#8242; em 840D"},"content":{"rendered":"<p>Mochila em 840D para notebook at\u00e9 15&#8221;. Cont\u00e9m 1 bolso principal com 3 bolsos adicionais e um bolso frontal com v\u00e1rios compartimentos e z\u00edper. Na parte posterior da mochila tem um encaixe para trolley. 300 x 370 x 60 mm<\/p>\n","protected":false},"excerpt":{"rendered":"<p>Mochila em 840D para notebook at\u00e9 15&#8221;. Cont\u00e9m 1 bolso principal com 3 bolsos adicionais e um bolso frontal com v\u00e1rios compartimentos e z\u00edper. Na parte posterior da mochila tem um encaixe para trolley. 300 x 370 x 60 mm<\/p>\n","protected":false},"featured_media":1801,"comment_status":"open","ping_status":"closed","template":"","meta":{"_joinchat":[]},"product_cat":[21],"product_tag":[],"_links":{"self":[{"href":"https:\/\/camisetasebrindesexpress.com.br\/index.php\/wp-json\/wp\/v2\/product\/1797"}],"collection":[{"href":"https:\/\/camisetasebrindesexpress.com.br\/index.php\/wp-json\/wp\/v2\/product"}],"about":[{"href":"https:\/\/camisetasebrindesexpress.com.br\/index.php\/wp-json\/wp\/v2\/types\/product"}],"replies":[{"embeddable":true,"href":"https:\/\/camisetasebrindesexpress.com.br\/index.php\/wp-json\/wp\/v2\/comments?post=1797"}],"wp:featuredmedia":[{"embeddable":true,"href":"https:\/\/camisetasebrindesexpress.com.br\/index.php\/wp-json\/wp\/v2\/media\/1801"}],"wp:attachment":[{"href":"https:\/\/camisetasebrindesexpress.com.br\/index.php\/wp-json\/wp\/v2\/media?parent=1797"}],"wp:term":[{"taxonomy":"product_cat","embeddable":true,"href":"https:\/\/camisetasebrindesexpress.com.br\/index.php\/wp-json\/wp\/v2\/product_cat?post=1797"},{"taxonomy":"product_tag","embeddable":true,"href":"https:\/\/camisetasebrindesexpress.com.br\/index.php\/wp-json\/wp\/v2\/product_tag?post=1797"}],"curies":[{"name":"wp","href":"https:\/\/api.w.org\/{rel}","templated":true}]}}