{"id":1790,"date":"2024-05-14T15:48:02","date_gmt":"2024-05-14T18:48:02","guid":{"rendered":"https:\/\/camisetasebrindesexpress.com.br\/?post_type=product&#038;p=1790"},"modified":"2024-05-14T15:48:02","modified_gmt":"2024-05-14T18:48:02","slug":"52627-kardon-mochila-para-notebook-ate-14-em-poliester-600d","status":"publish","type":"product","link":"https:\/\/camisetasebrindesexpress.com.br\/index.php\/produto\/52627-kardon-mochila-para-notebook-ate-14-em-poliester-600d\/","title":{"rendered":"52627 KARDON. Mochila para notebook at\u00e9 14&#8221; em poli\u00e9ster 600D"},"content":{"rendered":"<p>Mochila para notebook at\u00e9 14&#8221; em poli\u00e9ster 600D. Compartimento principal forrado, com bolso interior e compartimento almofadado pr\u00f3prio para o computador. A mochila tem 2 bolsos frontais com fecho e a parte posterior \u00e9 almofadada com sistema de apoio acolchoado para as costas e al\u00e7as almofadadas. Placa met\u00e1lica remov\u00edvel com im\u00e3, para f\u00e1cil grava\u00e7\u00e3o. 305 x 445 x 130 mm<\/p>\n","protected":false},"excerpt":{"rendered":"<p>Mochila para notebook at\u00e9 14&#8221; em poli\u00e9ster 600D. Compartimento principal forrado, com bolso interior e compartimento almofadado pr\u00f3prio para o computador. A mochila tem 2 bolsos frontais com fecho e a parte posterior \u00e9 almofadada com sistema de apoio acolchoado para as costas e al\u00e7as almofadadas. Placa met\u00e1lica remov\u00edvel com im\u00e3, para f\u00e1cil grava\u00e7\u00e3o. 305 [&hellip;]<\/p>\n","protected":false},"featured_media":1794,"comment_status":"open","ping_status":"closed","template":"","meta":{"_joinchat":[]},"product_cat":[21],"product_tag":[],"_links":{"self":[{"href":"https:\/\/camisetasebrindesexpress.com.br\/index.php\/wp-json\/wp\/v2\/product\/1790"}],"collection":[{"href":"https:\/\/camisetasebrindesexpress.com.br\/index.php\/wp-json\/wp\/v2\/product"}],"about":[{"href":"https:\/\/camisetasebrindesexpress.com.br\/index.php\/wp-json\/wp\/v2\/types\/product"}],"replies":[{"embeddable":true,"href":"https:\/\/camisetasebrindesexpress.com.br\/index.php\/wp-json\/wp\/v2\/comments?post=1790"}],"wp:featuredmedia":[{"embeddable":true,"href":"https:\/\/camisetasebrindesexpress.com.br\/index.php\/wp-json\/wp\/v2\/media\/1794"}],"wp:attachment":[{"href":"https:\/\/camisetasebrindesexpress.com.br\/index.php\/wp-json\/wp\/v2\/media?parent=1790"}],"wp:term":[{"taxonomy":"product_cat","embeddable":true,"href":"https:\/\/camisetasebrindesexpress.com.br\/index.php\/wp-json\/wp\/v2\/product_cat?post=1790"},{"taxonomy":"product_tag","embeddable":true,"href":"https:\/\/camisetasebrindesexpress.com.br\/index.php\/wp-json\/wp\/v2\/product_tag?post=1790"}],"curies":[{"name":"wp","href":"https:\/\/api.w.org\/{rel}","templated":true}]}}