{"id":1784,"date":"2024-05-14T15:47:10","date_gmt":"2024-05-14T18:47:10","guid":{"rendered":"https:\/\/camisetasebrindesexpress.com.br\/?post_type=product&#038;p=1784"},"modified":"2024-05-14T15:47:11","modified_gmt":"2024-05-14T18:47:11","slug":"92167-tupi-mochila-para-notebook-15-6-em-1680d-e-300d","status":"publish","type":"product","link":"https:\/\/camisetasebrindesexpress.com.br\/index.php\/produto\/92167-tupi-mochila-para-notebook-15-6-em-1680d-e-300d\/","title":{"rendered":"92167 TUPI. Mochila para notebook 15.6&#8221; em 1680D e 300D"},"content":{"rendered":"<div class=\"texto\">Mochila para notebook em 1680D e 300D com dois compartimentos. Compartimento principal com divis\u00f3ria almofadada para notebook at\u00e9 15.6&#8221;. Interior forrado. Mochila com 3 bolsos frontais e 2 bolsos laterais, parte posterior almofadada, com sistema de apoio acolchoado para as costas e al\u00e7as almofadadas. Placa met\u00e1lica remov\u00edvel com im\u00e3, para f\u00e1cil grava\u00e7\u00e3o. 330 x 480 x 180 mm | Placa: 50 x 20 mm<\/div>\n<div class=\"tag catalogo\">SPOT<\/div>\n","protected":false},"excerpt":{"rendered":"<p>Mochila para notebook em 1680D e 300D com dois compartimentos. Compartimento principal com divis\u00f3ria almofadada para notebook at\u00e9 15.6&#8221;. Interior forrado. Mochila com 3 bolsos frontais e 2 bolsos laterais, parte posterior almofadada, com sistema de apoio acolchoado para as costas e al\u00e7as almofadadas. Placa met\u00e1lica remov\u00edvel com im\u00e3, para f\u00e1cil grava\u00e7\u00e3o. 330 x 480 [&hellip;]<\/p>\n","protected":false},"featured_media":1789,"comment_status":"open","ping_status":"closed","template":"","meta":{"_joinchat":[]},"product_cat":[21],"product_tag":[],"_links":{"self":[{"href":"https:\/\/camisetasebrindesexpress.com.br\/index.php\/wp-json\/wp\/v2\/product\/1784"}],"collection":[{"href":"https:\/\/camisetasebrindesexpress.com.br\/index.php\/wp-json\/wp\/v2\/product"}],"about":[{"href":"https:\/\/camisetasebrindesexpress.com.br\/index.php\/wp-json\/wp\/v2\/types\/product"}],"replies":[{"embeddable":true,"href":"https:\/\/camisetasebrindesexpress.com.br\/index.php\/wp-json\/wp\/v2\/comments?post=1784"}],"wp:featuredmedia":[{"embeddable":true,"href":"https:\/\/camisetasebrindesexpress.com.br\/index.php\/wp-json\/wp\/v2\/media\/1789"}],"wp:attachment":[{"href":"https:\/\/camisetasebrindesexpress.com.br\/index.php\/wp-json\/wp\/v2\/media?parent=1784"}],"wp:term":[{"taxonomy":"product_cat","embeddable":true,"href":"https:\/\/camisetasebrindesexpress.com.br\/index.php\/wp-json\/wp\/v2\/product_cat?post=1784"},{"taxonomy":"product_tag","embeddable":true,"href":"https:\/\/camisetasebrindesexpress.com.br\/index.php\/wp-json\/wp\/v2\/product_tag?post=1784"}],"curies":[{"name":"wp","href":"https:\/\/api.w.org\/{rel}","templated":true}]}}