{"id":1780,"date":"2024-05-14T15:44:19","date_gmt":"2024-05-14T18:44:19","guid":{"rendered":"https:\/\/camisetasebrindesexpress.com.br\/?post_type=product&#038;p=1780"},"modified":"2024-05-14T15:44:19","modified_gmt":"2024-05-14T18:44:19","slug":"52276-olympia-plate-mochila-para-notebook-15-6-em-840d-jacquard","status":"publish","type":"product","link":"https:\/\/camisetasebrindesexpress.com.br\/index.php\/produto\/52276-olympia-plate-mochila-para-notebook-15-6-em-840d-jacquard\/","title":{"rendered":"52276 OLYMPIA PLATE. Mochila para notebook 15.6&#8221; em 840D jacquard"},"content":{"rendered":"<p>Mochila para notebook em 840D jacquard com dois compartimentos forrados. O compartimento posterior tem divis\u00f3ria almofadada para notebook at\u00e9 15.6&#8221; e o compartimento frontal diversos bolsos interiores. Bolso lateral em tela e bolso frontal. Parte posterior almofadada, com sistema de apoio acolchoado para as costas e al\u00e7as almofadadas. Placa met\u00e1lica remov\u00edvel com im\u00e3, para f\u00e1cil grava\u00e7\u00e3o. 305 x 470 x 180 mm | Placa: 50 x 20 mm<\/p>\n","protected":false},"excerpt":{"rendered":"<p>Mochila para notebook em 840D jacquard com dois compartimentos forrados. O compartimento posterior tem divis\u00f3ria almofadada para notebook at\u00e9 15.6&#8221; e o compartimento frontal diversos bolsos interiores. Bolso lateral em tela e bolso frontal. Parte posterior almofadada, com sistema de apoio acolchoado para as costas e al\u00e7as almofadadas. Placa met\u00e1lica remov\u00edvel com im\u00e3, para f\u00e1cil [&hellip;]<\/p>\n","protected":false},"featured_media":1781,"comment_status":"open","ping_status":"closed","template":"","meta":{"_joinchat":[]},"product_cat":[21],"product_tag":[],"_links":{"self":[{"href":"https:\/\/camisetasebrindesexpress.com.br\/index.php\/wp-json\/wp\/v2\/product\/1780"}],"collection":[{"href":"https:\/\/camisetasebrindesexpress.com.br\/index.php\/wp-json\/wp\/v2\/product"}],"about":[{"href":"https:\/\/camisetasebrindesexpress.com.br\/index.php\/wp-json\/wp\/v2\/types\/product"}],"replies":[{"embeddable":true,"href":"https:\/\/camisetasebrindesexpress.com.br\/index.php\/wp-json\/wp\/v2\/comments?post=1780"}],"wp:featuredmedia":[{"embeddable":true,"href":"https:\/\/camisetasebrindesexpress.com.br\/index.php\/wp-json\/wp\/v2\/media\/1781"}],"wp:attachment":[{"href":"https:\/\/camisetasebrindesexpress.com.br\/index.php\/wp-json\/wp\/v2\/media?parent=1780"}],"wp:term":[{"taxonomy":"product_cat","embeddable":true,"href":"https:\/\/camisetasebrindesexpress.com.br\/index.php\/wp-json\/wp\/v2\/product_cat?post=1780"},{"taxonomy":"product_tag","embeddable":true,"href":"https:\/\/camisetasebrindesexpress.com.br\/index.php\/wp-json\/wp\/v2\/product_tag?post=1780"}],"curies":[{"name":"wp","href":"https:\/\/api.w.org\/{rel}","templated":true}]}}