{"id":1771,"date":"2024-05-14T15:05:18","date_gmt":"2024-05-14T18:05:18","guid":{"rendered":"https:\/\/camisetasebrindesexpress.com.br\/?post_type=product&#038;p=1771"},"modified":"2024-05-14T15:05:18","modified_gmt":"2024-05-14T18:05:18","slug":"92516-zippers-sport-bolsa-esportiva-executivo-em-840d-jacquard-e-300d-e-interior-forrado","status":"publish","type":"product","link":"https:\/\/camisetasebrindesexpress.com.br\/index.php\/produto\/92516-zippers-sport-bolsa-esportiva-executivo-em-840d-jacquard-e-300d-e-interior-forrado\/","title":{"rendered":"92516 ZIPPERS SPORT. Bolsa esportiva executivo em 840D jacquard e 300D e interior forrado"},"content":{"rendered":"<p>Bolsa esportiva executivo em 840D jacquard e 300D e interior forrado. Cont\u00e9m bolsos frontais, fundo com placa semi-r\u00edgida e al\u00e7a de ombro ajust\u00e1vel com refor\u00e7o almofadado. Capacidade at\u00e9 30 L. 520 x 300 x 220 mm<\/p>\n","protected":false},"excerpt":{"rendered":"<p>Bolsa esportiva executivo em 840D jacquard e 300D e interior forrado. Cont\u00e9m bolsos frontais, fundo com placa semi-r\u00edgida e al\u00e7a de ombro ajust\u00e1vel com refor\u00e7o almofadado. Capacidade at\u00e9 30 L. 520 x 300 x 220 mm<\/p>\n","protected":false},"featured_media":1775,"comment_status":"open","ping_status":"closed","template":"","meta":{"_joinchat":[]},"product_cat":[21],"product_tag":[],"_links":{"self":[{"href":"https:\/\/camisetasebrindesexpress.com.br\/index.php\/wp-json\/wp\/v2\/product\/1771"}],"collection":[{"href":"https:\/\/camisetasebrindesexpress.com.br\/index.php\/wp-json\/wp\/v2\/product"}],"about":[{"href":"https:\/\/camisetasebrindesexpress.com.br\/index.php\/wp-json\/wp\/v2\/types\/product"}],"replies":[{"embeddable":true,"href":"https:\/\/camisetasebrindesexpress.com.br\/index.php\/wp-json\/wp\/v2\/comments?post=1771"}],"wp:featuredmedia":[{"embeddable":true,"href":"https:\/\/camisetasebrindesexpress.com.br\/index.php\/wp-json\/wp\/v2\/media\/1775"}],"wp:attachment":[{"href":"https:\/\/camisetasebrindesexpress.com.br\/index.php\/wp-json\/wp\/v2\/media?parent=1771"}],"wp:term":[{"taxonomy":"product_cat","embeddable":true,"href":"https:\/\/camisetasebrindesexpress.com.br\/index.php\/wp-json\/wp\/v2\/product_cat?post=1771"},{"taxonomy":"product_tag","embeddable":true,"href":"https:\/\/camisetasebrindesexpress.com.br\/index.php\/wp-json\/wp\/v2\/product_tag?post=1771"}],"curies":[{"name":"wp","href":"https:\/\/api.w.org\/{rel}","templated":true}]}}