{"id":1752,"date":"2024-05-14T15:01:44","date_gmt":"2024-05-14T18:01:44","guid":{"rendered":"https:\/\/camisetasebrindesexpress.com.br\/?post_type=product&#038;p=1752"},"modified":"2024-05-14T15:01:44","modified_gmt":"2024-05-14T18:01:44","slug":"52675-spacio-mochila-para-notebook-17-em-nylon-2tone-impermeavel","status":"publish","type":"product","link":"https:\/\/camisetasebrindesexpress.com.br\/index.php\/produto\/52675-spacio-mochila-para-notebook-17-em-nylon-2tone-impermeavel\/","title":{"rendered":"52675 SPACIO. Mochila para notebook 17&#8221; em Nylon 2Tone imperme\u00e1vel"},"content":{"rendered":"<p>Mochila para notebook em Nylon 2Tone imperme\u00e1vel com dois compartimentos forrados. O compartimento posterior tem bolso interior com z\u00edper e divis\u00f3ria almofadada para notebook at\u00e9 17&#8221;. O compartimento frontal tem diversos bolsos interiores. Mochila com 2 bolsos frontais e 2 bolsos laterais. Parte posterior almofadada, com sistema de apoio acolchoado para as costas e al\u00e7as almofadadas. Placa met\u00e1lica remov\u00edvel com im\u00e3, para f\u00e1cil grava\u00e7\u00e3o. 310 x 470 x 200 mm | Placa: 50 x 20 mm<\/p>\n","protected":false},"excerpt":{"rendered":"<p>Mochila para notebook em Nylon 2Tone imperme\u00e1vel com dois compartimentos forrados. O compartimento posterior tem bolso interior com z\u00edper e divis\u00f3ria almofadada para notebook at\u00e9 17&#8221;. O compartimento frontal tem diversos bolsos interiores. Mochila com 2 bolsos frontais e 2 bolsos laterais. Parte posterior almofadada, com sistema de apoio acolchoado para as costas e al\u00e7as [&hellip;]<\/p>\n","protected":false},"featured_media":1756,"comment_status":"open","ping_status":"closed","template":"","meta":{"_joinchat":[]},"product_cat":[21],"product_tag":[],"_links":{"self":[{"href":"https:\/\/camisetasebrindesexpress.com.br\/index.php\/wp-json\/wp\/v2\/product\/1752"}],"collection":[{"href":"https:\/\/camisetasebrindesexpress.com.br\/index.php\/wp-json\/wp\/v2\/product"}],"about":[{"href":"https:\/\/camisetasebrindesexpress.com.br\/index.php\/wp-json\/wp\/v2\/types\/product"}],"replies":[{"embeddable":true,"href":"https:\/\/camisetasebrindesexpress.com.br\/index.php\/wp-json\/wp\/v2\/comments?post=1752"}],"wp:featuredmedia":[{"embeddable":true,"href":"https:\/\/camisetasebrindesexpress.com.br\/index.php\/wp-json\/wp\/v2\/media\/1756"}],"wp:attachment":[{"href":"https:\/\/camisetasebrindesexpress.com.br\/index.php\/wp-json\/wp\/v2\/media?parent=1752"}],"wp:term":[{"taxonomy":"product_cat","embeddable":true,"href":"https:\/\/camisetasebrindesexpress.com.br\/index.php\/wp-json\/wp\/v2\/product_cat?post=1752"},{"taxonomy":"product_tag","embeddable":true,"href":"https:\/\/camisetasebrindesexpress.com.br\/index.php\/wp-json\/wp\/v2\/product_tag?post=1752"}],"curies":[{"name":"wp","href":"https:\/\/api.w.org\/{rel}","templated":true}]}}