{"id":1747,"date":"2024-05-14T15:00:40","date_gmt":"2024-05-14T18:00:40","guid":{"rendered":"https:\/\/camisetasebrindesexpress.com.br\/?post_type=product&#038;p=1747"},"modified":"2024-05-14T15:00:40","modified_gmt":"2024-05-14T18:00:40","slug":"92675-boston-mochila-para-notebook-17-em-nylon-2tone-impermeavel","status":"publish","type":"product","link":"https:\/\/camisetasebrindesexpress.com.br\/index.php\/produto\/92675-boston-mochila-para-notebook-17-em-nylon-2tone-impermeavel\/","title":{"rendered":"92675 BOSTON. Mochila para notebook 17&#8221; em Nylon 2Tone imperme\u00e1vel"},"content":{"rendered":"<p>Mochila para notebook em Nylon 2Tone imperme\u00e1vel com 2 compartimentos. Compartimento posterior forrado, com bolso interior com z\u00edper e divis\u00f3ria almofadada para notebook at\u00e9 17&#8221;. Compartimento frontal forrado, com diversos bolsos interiores. A mochila tem 2 bolsos frontais e 2 bolsos laterais. Parte posterior almofadada, com sistema de apoio acolchoado para as costas e al\u00e7as almofadadas. 310 x 470 x 200 mm<\/p>\n","protected":false},"excerpt":{"rendered":"<p>Mochila para notebook em Nylon 2Tone imperme\u00e1vel com 2 compartimentos. Compartimento posterior forrado, com bolso interior com z\u00edper e divis\u00f3ria almofadada para notebook at\u00e9 17&#8221;. Compartimento frontal forrado, com diversos bolsos interiores. A mochila tem 2 bolsos frontais e 2 bolsos laterais. Parte posterior almofadada, com sistema de apoio acolchoado para as costas e al\u00e7as [&hellip;]<\/p>\n","protected":false},"featured_media":1751,"comment_status":"open","ping_status":"closed","template":"","meta":{"_joinchat":[]},"product_cat":[21],"product_tag":[],"_links":{"self":[{"href":"https:\/\/camisetasebrindesexpress.com.br\/index.php\/wp-json\/wp\/v2\/product\/1747"}],"collection":[{"href":"https:\/\/camisetasebrindesexpress.com.br\/index.php\/wp-json\/wp\/v2\/product"}],"about":[{"href":"https:\/\/camisetasebrindesexpress.com.br\/index.php\/wp-json\/wp\/v2\/types\/product"}],"replies":[{"embeddable":true,"href":"https:\/\/camisetasebrindesexpress.com.br\/index.php\/wp-json\/wp\/v2\/comments?post=1747"}],"wp:featuredmedia":[{"embeddable":true,"href":"https:\/\/camisetasebrindesexpress.com.br\/index.php\/wp-json\/wp\/v2\/media\/1751"}],"wp:attachment":[{"href":"https:\/\/camisetasebrindesexpress.com.br\/index.php\/wp-json\/wp\/v2\/media?parent=1747"}],"wp:term":[{"taxonomy":"product_cat","embeddable":true,"href":"https:\/\/camisetasebrindesexpress.com.br\/index.php\/wp-json\/wp\/v2\/product_cat?post=1747"},{"taxonomy":"product_tag","embeddable":true,"href":"https:\/\/camisetasebrindesexpress.com.br\/index.php\/wp-json\/wp\/v2\/product_tag?post=1747"}],"curies":[{"name":"wp","href":"https:\/\/api.w.org\/{rel}","templated":true}]}}