{"id":1738,"date":"2024-05-14T14:59:46","date_gmt":"2024-05-14T17:59:46","guid":{"rendered":"https:\/\/camisetasebrindesexpress.com.br\/?post_type=product&#038;p=1738"},"modified":"2024-05-14T14:59:46","modified_gmt":"2024-05-14T17:59:46","slug":"92329-alexandria-mochila-2-em-1-para-notebook-15-6-em-600d","status":"publish","type":"product","link":"https:\/\/camisetasebrindesexpress.com.br\/index.php\/produto\/92329-alexandria-mochila-2-em-1-para-notebook-15-6-em-600d\/","title":{"rendered":"92329 ALEXANDRIA. Mochila 2 em 1 para notebook 15.6&#8243; em 600D"},"content":{"rendered":"<p>Mochila h\u00edbrida (2 em 1) em 600D com 2 modos de transporte. Possui um modo mochila, com parte posterior e al\u00e7as almofadadas com mecanismo que permite ocult\u00e1-las. Tamb\u00e9m pode ser utilizada em modo pasta, com uma pega de m\u00e3o refor\u00e7ada e confort\u00e1vel. Cont\u00e9m 2 compartimentos principais: 1 com bolso para notebook at\u00e9 15,6&#8243; e outro com v\u00e1rios bolsos multifuncionais. Possui ainda 1 bolso frontal com fecho e banda de transporte para trolley. 320 x 425 x 120 mm<\/p>\n","protected":false},"excerpt":{"rendered":"<p>Mochila h\u00edbrida (2 em 1) em 600D com 2 modos de transporte. Possui um modo mochila, com parte posterior e al\u00e7as almofadadas com mecanismo que permite ocult\u00e1-las. Tamb\u00e9m pode ser utilizada em modo pasta, com uma pega de m\u00e3o refor\u00e7ada e confort\u00e1vel. Cont\u00e9m 2 compartimentos principais: 1 com bolso para notebook at\u00e9 15,6&#8243; e outro [&hellip;]<\/p>\n","protected":false},"featured_media":1746,"comment_status":"open","ping_status":"closed","template":"","meta":{"_joinchat":[]},"product_cat":[21],"product_tag":[],"_links":{"self":[{"href":"https:\/\/camisetasebrindesexpress.com.br\/index.php\/wp-json\/wp\/v2\/product\/1738"}],"collection":[{"href":"https:\/\/camisetasebrindesexpress.com.br\/index.php\/wp-json\/wp\/v2\/product"}],"about":[{"href":"https:\/\/camisetasebrindesexpress.com.br\/index.php\/wp-json\/wp\/v2\/types\/product"}],"replies":[{"embeddable":true,"href":"https:\/\/camisetasebrindesexpress.com.br\/index.php\/wp-json\/wp\/v2\/comments?post=1738"}],"wp:featuredmedia":[{"embeddable":true,"href":"https:\/\/camisetasebrindesexpress.com.br\/index.php\/wp-json\/wp\/v2\/media\/1746"}],"wp:attachment":[{"href":"https:\/\/camisetasebrindesexpress.com.br\/index.php\/wp-json\/wp\/v2\/media?parent=1738"}],"wp:term":[{"taxonomy":"product_cat","embeddable":true,"href":"https:\/\/camisetasebrindesexpress.com.br\/index.php\/wp-json\/wp\/v2\/product_cat?post=1738"},{"taxonomy":"product_tag","embeddable":true,"href":"https:\/\/camisetasebrindesexpress.com.br\/index.php\/wp-json\/wp\/v2\/product_tag?post=1738"}],"curies":[{"name":"wp","href":"https:\/\/api.w.org\/{rel}","templated":true}]}}