{"id":1731,"date":"2024-05-14T14:58:45","date_gmt":"2024-05-14T17:58:45","guid":{"rendered":"https:\/\/camisetasebrindesexpress.com.br\/?post_type=product&#038;p=1731"},"modified":"2024-05-14T14:58:45","modified_gmt":"2024-05-14T17:58:45","slug":"92089-verona-mochila-para-notebook-15-6-em-900d","status":"publish","type":"product","link":"https:\/\/camisetasebrindesexpress.com.br\/index.php\/produto\/92089-verona-mochila-para-notebook-15-6-em-900d\/","title":{"rendered":"92089 VERONA. Mochila para notebook 15.6&#8243; em 900D"},"content":{"rendered":"<p>Mochila para notebook em 900D com um compartimento principal com bolso forrado para notebook 15,6&#8243; e diversos bolsos interiores. Cont\u00e9m ainda 2 bolsos frontais, 1 lateral e entrada USB. Parte posterior e al\u00e7as s\u00e3o almofadadas. 310 x 440 x 110 mm<\/p>\n","protected":false},"excerpt":{"rendered":"<p>Mochila para notebook em 900D com um compartimento principal com bolso forrado para notebook 15,6&#8243; e diversos bolsos interiores. Cont\u00e9m ainda 2 bolsos frontais, 1 lateral e entrada USB. Parte posterior e al\u00e7as s\u00e3o almofadadas. 310 x 440 x 110 mm<\/p>\n","protected":false},"featured_media":1737,"comment_status":"open","ping_status":"closed","template":"","meta":{"_joinchat":[]},"product_cat":[21],"product_tag":[],"_links":{"self":[{"href":"https:\/\/camisetasebrindesexpress.com.br\/index.php\/wp-json\/wp\/v2\/product\/1731"}],"collection":[{"href":"https:\/\/camisetasebrindesexpress.com.br\/index.php\/wp-json\/wp\/v2\/product"}],"about":[{"href":"https:\/\/camisetasebrindesexpress.com.br\/index.php\/wp-json\/wp\/v2\/types\/product"}],"replies":[{"embeddable":true,"href":"https:\/\/camisetasebrindesexpress.com.br\/index.php\/wp-json\/wp\/v2\/comments?post=1731"}],"wp:featuredmedia":[{"embeddable":true,"href":"https:\/\/camisetasebrindesexpress.com.br\/index.php\/wp-json\/wp\/v2\/media\/1737"}],"wp:attachment":[{"href":"https:\/\/camisetasebrindesexpress.com.br\/index.php\/wp-json\/wp\/v2\/media?parent=1731"}],"wp:term":[{"taxonomy":"product_cat","embeddable":true,"href":"https:\/\/camisetasebrindesexpress.com.br\/index.php\/wp-json\/wp\/v2\/product_cat?post=1731"},{"taxonomy":"product_tag","embeddable":true,"href":"https:\/\/camisetasebrindesexpress.com.br\/index.php\/wp-json\/wp\/v2\/product_tag?post=1731"}],"curies":[{"name":"wp","href":"https:\/\/api.w.org\/{rel}","templated":true}]}}