{"id":1725,"date":"2024-05-14T14:57:31","date_gmt":"2024-05-14T17:57:31","guid":{"rendered":"https:\/\/camisetasebrindesexpress.com.br\/?post_type=product&#038;p=1725"},"modified":"2024-05-14T14:57:31","modified_gmt":"2024-05-14T17:57:31","slug":"52087-haia-mochila-para-notebook15-6-em-300d","status":"publish","type":"product","link":"https:\/\/camisetasebrindesexpress.com.br\/index.php\/produto\/52087-haia-mochila-para-notebook15-6-em-300d\/","title":{"rendered":"52087 HAIA. Mochila para notebook15.6&#8243; em 300D"},"content":{"rendered":"<div class=\"texto\">Mochila para notebook em 300D com placa de personaliza\u00e7\u00e3o. Tem 1 compartimento principal com 2 bolsos forrados para notebook at\u00e9 15,6&#8243; e tablet 10,5&#8243; e diversos bolsos interiores. Incluso banda para transporte em trolley, bolso frontal, bolsos laterais. Parte posterior e al\u00e7as s\u00e3o almofadadas. 320 x 410 x 120 mm<\/div>\n<div class=\"tag catalogo\"><\/div>\n","protected":false},"excerpt":{"rendered":"<p>Mochila para notebook em 300D com placa de personaliza\u00e7\u00e3o. Tem 1 compartimento principal com 2 bolsos forrados para notebook at\u00e9 15,6&#8243; e tablet 10,5&#8243; e diversos bolsos interiores. Incluso banda para transporte em trolley, bolso frontal, bolsos laterais. Parte posterior e al\u00e7as s\u00e3o almofadadas. 320 x 410 x 120 mm<\/p>\n","protected":false},"featured_media":1730,"comment_status":"open","ping_status":"closed","template":"","meta":{"_joinchat":[]},"product_cat":[21],"product_tag":[],"_links":{"self":[{"href":"https:\/\/camisetasebrindesexpress.com.br\/index.php\/wp-json\/wp\/v2\/product\/1725"}],"collection":[{"href":"https:\/\/camisetasebrindesexpress.com.br\/index.php\/wp-json\/wp\/v2\/product"}],"about":[{"href":"https:\/\/camisetasebrindesexpress.com.br\/index.php\/wp-json\/wp\/v2\/types\/product"}],"replies":[{"embeddable":true,"href":"https:\/\/camisetasebrindesexpress.com.br\/index.php\/wp-json\/wp\/v2\/comments?post=1725"}],"wp:featuredmedia":[{"embeddable":true,"href":"https:\/\/camisetasebrindesexpress.com.br\/index.php\/wp-json\/wp\/v2\/media\/1730"}],"wp:attachment":[{"href":"https:\/\/camisetasebrindesexpress.com.br\/index.php\/wp-json\/wp\/v2\/media?parent=1725"}],"wp:term":[{"taxonomy":"product_cat","embeddable":true,"href":"https:\/\/camisetasebrindesexpress.com.br\/index.php\/wp-json\/wp\/v2\/product_cat?post=1725"},{"taxonomy":"product_tag","embeddable":true,"href":"https:\/\/camisetasebrindesexpress.com.br\/index.php\/wp-json\/wp\/v2\/product_tag?post=1725"}],"curies":[{"name":"wp","href":"https:\/\/api.w.org\/{rel}","templated":true}]}}