{"id":1712,"date":"2024-05-14T14:55:05","date_gmt":"2024-05-14T17:55:05","guid":{"rendered":"https:\/\/camisetasebrindesexpress.com.br\/?post_type=product&#038;p=1712"},"modified":"2024-05-14T14:55:05","modified_gmt":"2024-05-14T17:55:05","slug":"92081-brooklyn-mochila-para-notebook-15-em-nylon-2tone-impermeavel","status":"publish","type":"product","link":"https:\/\/camisetasebrindesexpress.com.br\/index.php\/produto\/92081-brooklyn-mochila-para-notebook-15-em-nylon-2tone-impermeavel\/","title":{"rendered":"92081 BROOKLYN. Mochila para notebook 15&#8243; em Nylon 2Tone imperme\u00e1vel"},"content":{"rendered":"<div class=\"texto\">Mochila para notebook em Nylon 2Tone imperme\u00e1vel com 2 compartimentos e al\u00e7as almofadadas. O compartimento posterior tem 2 divis\u00f3rias almofadadas com fecho em velcro para notebook at\u00e9 15&#8221; e tablet at\u00e9 10.5&#8221;. Compartimento frontal com diversos bolsos interiores. Cont\u00e9m dois bolsos na parte frontal, tendo um deles bloqueio RFID. Nas laterais existe um bolso para garrafas em elastano e outro para o guarda chuva, com ilh\u00f3s perfurados para evitar acumula\u00e7\u00e3o de \u00e1gua. A parte posterior almofadada tem um bolso oculto e uma banda para transporte em trolley. 320 x 450 x 140 mm<\/div>\n<div class=\"icons\">\n<div class=\"icon\"><img decoding=\"async\" src=\"https:\/\/www.spotgifts.com.br\/fotos\/pictogramas\/prova_agua_466749045610cfe2bd0ddd.png\" alt=\"SPOT\" \/><\/div>\n<div class=\"icon\"><img decoding=\"async\" src=\"https:\/\/www.spotgifts.com.br\/fotos\/pictogramas\/94_laptop_inches_6519448566628d789d1a7f.png\" alt=\"SPOT\" \/><\/div>\n<div class=\"icon\"><img decoding=\"async\" src=\"https:\/\/www.spotgifts.com.br\/fotos\/pictogramas\/106_tablet_inches_13818537496628da9f1c42a.png\" alt=\"SPOT\" \/><\/div>\n<div class=\"icon\"><img decoding=\"async\" src=\"https:\/\/www.spotgifts.com.br\/fotos\/pictogramas\/rfid_block_161106715265047439360c3.png\" alt=\"SPOT\" \/><\/div>\n<\/div>\n","protected":false},"excerpt":{"rendered":"<p>Mochila para notebook em Nylon 2Tone imperme\u00e1vel com 2 compartimentos e al\u00e7as almofadadas. O compartimento posterior tem 2 divis\u00f3rias almofadadas com fecho em velcro para notebook at\u00e9 15&#8221; e tablet at\u00e9 10.5&#8221;. Compartimento frontal com diversos bolsos interiores. Cont\u00e9m dois bolsos na parte frontal, tendo um deles bloqueio RFID. Nas laterais existe um bolso para [&hellip;]<\/p>\n","protected":false},"featured_media":1716,"comment_status":"open","ping_status":"closed","template":"","meta":{"_joinchat":[]},"product_cat":[21],"product_tag":[],"_links":{"self":[{"href":"https:\/\/camisetasebrindesexpress.com.br\/index.php\/wp-json\/wp\/v2\/product\/1712"}],"collection":[{"href":"https:\/\/camisetasebrindesexpress.com.br\/index.php\/wp-json\/wp\/v2\/product"}],"about":[{"href":"https:\/\/camisetasebrindesexpress.com.br\/index.php\/wp-json\/wp\/v2\/types\/product"}],"replies":[{"embeddable":true,"href":"https:\/\/camisetasebrindesexpress.com.br\/index.php\/wp-json\/wp\/v2\/comments?post=1712"}],"wp:featuredmedia":[{"embeddable":true,"href":"https:\/\/camisetasebrindesexpress.com.br\/index.php\/wp-json\/wp\/v2\/media\/1716"}],"wp:attachment":[{"href":"https:\/\/camisetasebrindesexpress.com.br\/index.php\/wp-json\/wp\/v2\/media?parent=1712"}],"wp:term":[{"taxonomy":"product_cat","embeddable":true,"href":"https:\/\/camisetasebrindesexpress.com.br\/index.php\/wp-json\/wp\/v2\/product_cat?post=1712"},{"taxonomy":"product_tag","embeddable":true,"href":"https:\/\/camisetasebrindesexpress.com.br\/index.php\/wp-json\/wp\/v2\/product_tag?post=1712"}],"curies":[{"name":"wp","href":"https:\/\/api.w.org\/{rel}","templated":true}]}}