{"id":1702,"date":"2024-05-14T14:53:49","date_gmt":"2024-05-14T17:53:49","guid":{"rendered":"https:\/\/camisetasebrindesexpress.com.br\/?post_type=product&#038;p=1702"},"modified":"2024-05-14T14:53:49","modified_gmt":"2024-05-14T17:53:49","slug":"52081-fortaleza-mochila-para-notebook-17-em-nylon-2tone-impermeavel","status":"publish","type":"product","link":"https:\/\/camisetasebrindesexpress.com.br\/index.php\/produto\/52081-fortaleza-mochila-para-notebook-17-em-nylon-2tone-impermeavel\/","title":{"rendered":"52081 FORTALEZA. Mochila para notebook 17&#8243; em Nylon 2Tone imperme\u00e1vel"},"content":{"rendered":"<p>Mochila para notebook em Nylon 2Tone imperme\u00e1vel com 2 compartimentos e al\u00e7as almofadadas. O compartimento posterior tem 2 divis\u00f3rias almofadadas com fecho em velcro para notebook at\u00e9 17&#8221; e tablet at\u00e9 10.5&#8221;. Compartimento frontal com diversos bolsos interiores. Cont\u00e9m dois bolsos na parte frontal, tendo um deles bloqueio RFID. Nas laterais existe um bolso para garrafas em elastano e outro para o guarda chuva, com ilh\u00f3s perfurados para evitar acumula\u00e7\u00e3o de \u00e1gua. A parte detr\u00e1s almofadada tem bolso oculto e banda para transporte em trolley. Placa met\u00e1lica remov\u00edvel com im\u00e3, para f\u00e1cil grava\u00e7\u00e3o. 320 x 450 x 140 mm<\/p>\n","protected":false},"excerpt":{"rendered":"<p>Mochila para notebook em Nylon 2Tone imperme\u00e1vel com 2 compartimentos e al\u00e7as almofadadas. O compartimento posterior tem 2 divis\u00f3rias almofadadas com fecho em velcro para notebook at\u00e9 17&#8221; e tablet at\u00e9 10.5&#8221;. Compartimento frontal com diversos bolsos interiores. Cont\u00e9m dois bolsos na parte frontal, tendo um deles bloqueio RFID. Nas laterais existe um bolso para [&hellip;]<\/p>\n","protected":false},"featured_media":1711,"comment_status":"open","ping_status":"closed","template":"","meta":{"_joinchat":[]},"product_cat":[21],"product_tag":[],"_links":{"self":[{"href":"https:\/\/camisetasebrindesexpress.com.br\/index.php\/wp-json\/wp\/v2\/product\/1702"}],"collection":[{"href":"https:\/\/camisetasebrindesexpress.com.br\/index.php\/wp-json\/wp\/v2\/product"}],"about":[{"href":"https:\/\/camisetasebrindesexpress.com.br\/index.php\/wp-json\/wp\/v2\/types\/product"}],"replies":[{"embeddable":true,"href":"https:\/\/camisetasebrindesexpress.com.br\/index.php\/wp-json\/wp\/v2\/comments?post=1702"}],"wp:featuredmedia":[{"embeddable":true,"href":"https:\/\/camisetasebrindesexpress.com.br\/index.php\/wp-json\/wp\/v2\/media\/1711"}],"wp:attachment":[{"href":"https:\/\/camisetasebrindesexpress.com.br\/index.php\/wp-json\/wp\/v2\/media?parent=1702"}],"wp:term":[{"taxonomy":"product_cat","embeddable":true,"href":"https:\/\/camisetasebrindesexpress.com.br\/index.php\/wp-json\/wp\/v2\/product_cat?post=1702"},{"taxonomy":"product_tag","embeddable":true,"href":"https:\/\/camisetasebrindesexpress.com.br\/index.php\/wp-json\/wp\/v2\/product_tag?post=1702"}],"curies":[{"name":"wp","href":"https:\/\/api.w.org\/{rel}","templated":true}]}}