{"id":1690,"date":"2024-05-14T14:52:48","date_gmt":"2024-05-14T17:52:48","guid":{"rendered":"https:\/\/camisetasebrindesexpress.com.br\/?post_type=product&#038;p=1690"},"modified":"2024-05-14T14:52:48","modified_gmt":"2024-05-14T17:52:48","slug":"92320-lyon-mochila-para-notebook-17-em-900d-e-tarpaulin","status":"publish","type":"product","link":"https:\/\/camisetasebrindesexpress.com.br\/index.php\/produto\/92320-lyon-mochila-para-notebook-17-em-900d-e-tarpaulin\/","title":{"rendered":"92320 LYON. Mochila para notebook 17&#8243; em 900D e Tarpaulin"},"content":{"rendered":"<p>Mochila para notebook em 900D e Tarpaulin com 2 compartimentos principais com diversos bolsos interiores. Um completamente forrado e acolchoado para computador de grandes dimens\u00f5es at\u00e9 17&#8243;. A mochila tem ainda 2 bolsos frontais, 2 bolsos laterais com z\u00edpper e bolso oculto nas costas com z\u00edpper. Cont\u00e9m ainda tira de transporte para trolley e entradas USB e Jack 3,5mm. Parte posterior e al\u00e7as s\u00e3o almofadadas. 330 x 480 x 180 mm<\/p>\n","protected":false},"excerpt":{"rendered":"<p>Mochila para notebook em 900D e Tarpaulin com 2 compartimentos principais com diversos bolsos interiores. Um completamente forrado e acolchoado para computador de grandes dimens\u00f5es at\u00e9 17&#8243;. A mochila tem ainda 2 bolsos frontais, 2 bolsos laterais com z\u00edpper e bolso oculto nas costas com z\u00edpper. Cont\u00e9m ainda tira de transporte para trolley e entradas [&hellip;]<\/p>\n","protected":false},"featured_media":1701,"comment_status":"open","ping_status":"closed","template":"","meta":{"_joinchat":[]},"product_cat":[21],"product_tag":[],"_links":{"self":[{"href":"https:\/\/camisetasebrindesexpress.com.br\/index.php\/wp-json\/wp\/v2\/product\/1690"}],"collection":[{"href":"https:\/\/camisetasebrindesexpress.com.br\/index.php\/wp-json\/wp\/v2\/product"}],"about":[{"href":"https:\/\/camisetasebrindesexpress.com.br\/index.php\/wp-json\/wp\/v2\/types\/product"}],"replies":[{"embeddable":true,"href":"https:\/\/camisetasebrindesexpress.com.br\/index.php\/wp-json\/wp\/v2\/comments?post=1690"}],"wp:featuredmedia":[{"embeddable":true,"href":"https:\/\/camisetasebrindesexpress.com.br\/index.php\/wp-json\/wp\/v2\/media\/1701"}],"wp:attachment":[{"href":"https:\/\/camisetasebrindesexpress.com.br\/index.php\/wp-json\/wp\/v2\/media?parent=1690"}],"wp:term":[{"taxonomy":"product_cat","embeddable":true,"href":"https:\/\/camisetasebrindesexpress.com.br\/index.php\/wp-json\/wp\/v2\/product_cat?post=1690"},{"taxonomy":"product_tag","embeddable":true,"href":"https:\/\/camisetasebrindesexpress.com.br\/index.php\/wp-json\/wp\/v2\/product_tag?post=1690"}],"curies":[{"name":"wp","href":"https:\/\/api.w.org\/{rel}","templated":true}]}}