{"id":1684,"date":"2024-05-14T14:51:41","date_gmt":"2024-05-14T17:51:41","guid":{"rendered":"https:\/\/camisetasebrindesexpress.com.br\/?post_type=product&#038;p=1684"},"modified":"2024-05-14T14:51:41","modified_gmt":"2024-05-14T17:51:41","slug":"92176-aveiro-mochila-para-notebook-15-6-com-sistema-antirroubo-em-900d-de-alta-densidade-e-tarpaulin","status":"publish","type":"product","link":"https:\/\/camisetasebrindesexpress.com.br\/index.php\/produto\/92176-aveiro-mochila-para-notebook-15-6-com-sistema-antirroubo-em-900d-de-alta-densidade-e-tarpaulin\/","title":{"rendered":"92176 AVEIRO. Mochila para notebook 15.6&#8221; com sistema antirroubo em 900D de alta densidade e tarpaulin"},"content":{"rendered":"<div class=\"texto\">Mochila para notebook em 900D de alta densidade e tarpaulin. Sistema antirroubo: compartimento principal com z\u00edper oculto e parte posterior com 2 bolsos ocultos com z\u00edper, para maior seguran\u00e7a. Compartimento principal forrado e almofadado, com 2 divis\u00f3rias almofadadas para notebook at\u00e9 15.6&#8221; e tablet 10.5&#8221;. Diversos bolsos interiores, incluindo bolso almofadado para smartphone. Presilhas para organiza\u00e7\u00e3o de cabos no interior. Bolso lateral exterior com z\u00edper, com acesso a bolso interior ideal para bateria port\u00e1til, facilitando o carregamento de diversos dispositivos. Parte posterior almofadada e sistema de apoio acolchoado para as costas. Al\u00e7as almofadadas, com 1 bolso com z\u00edper. 320 x 440 x 200 mm<\/div>\n<div class=\"icons\">\n<div class=\"icon\"><img decoding=\"async\" src=\"https:\/\/www.spotgifts.com.br\/fotos\/pictogramas\/94_laptop_inches_6519448566628d789d1a7f.png\" alt=\"SPOT\" \/><\/div>\n<div class=\"icon\"><img decoding=\"async\" src=\"https:\/\/www.spotgifts.com.br\/fotos\/pictogramas\/106_tablet_inches_13818537496628da9f1c42a.png\" alt=\"SPOT\" \/><\/div>\n<\/div>\n","protected":false},"excerpt":{"rendered":"<p>Mochila para notebook em 900D de alta densidade e tarpaulin. Sistema antirroubo: compartimento principal com z\u00edper oculto e parte posterior com 2 bolsos ocultos com z\u00edper, para maior seguran\u00e7a. Compartimento principal forrado e almofadado, com 2 divis\u00f3rias almofadadas para notebook at\u00e9 15.6&#8221; e tablet 10.5&#8221;. Diversos bolsos interiores, incluindo bolso almofadado para smartphone. Presilhas para [&hellip;]<\/p>\n","protected":false},"featured_media":1689,"comment_status":"open","ping_status":"closed","template":"","meta":{"_joinchat":[]},"product_cat":[21],"product_tag":[],"_links":{"self":[{"href":"https:\/\/camisetasebrindesexpress.com.br\/index.php\/wp-json\/wp\/v2\/product\/1684"}],"collection":[{"href":"https:\/\/camisetasebrindesexpress.com.br\/index.php\/wp-json\/wp\/v2\/product"}],"about":[{"href":"https:\/\/camisetasebrindesexpress.com.br\/index.php\/wp-json\/wp\/v2\/types\/product"}],"replies":[{"embeddable":true,"href":"https:\/\/camisetasebrindesexpress.com.br\/index.php\/wp-json\/wp\/v2\/comments?post=1684"}],"wp:featuredmedia":[{"embeddable":true,"href":"https:\/\/camisetasebrindesexpress.com.br\/index.php\/wp-json\/wp\/v2\/media\/1689"}],"wp:attachment":[{"href":"https:\/\/camisetasebrindesexpress.com.br\/index.php\/wp-json\/wp\/v2\/media?parent=1684"}],"wp:term":[{"taxonomy":"product_cat","embeddable":true,"href":"https:\/\/camisetasebrindesexpress.com.br\/index.php\/wp-json\/wp\/v2\/product_cat?post=1684"},{"taxonomy":"product_tag","embeddable":true,"href":"https:\/\/camisetasebrindesexpress.com.br\/index.php\/wp-json\/wp\/v2\/product_tag?post=1684"}],"curies":[{"name":"wp","href":"https:\/\/api.w.org\/{rel}","templated":true}]}}