{"id":1673,"date":"2024-05-14T14:50:14","date_gmt":"2024-05-14T17:50:14","guid":{"rendered":"https:\/\/camisetasebrindesexpress.com.br\/?post_type=product&#038;p=1673"},"modified":"2024-05-14T14:50:14","modified_gmt":"2024-05-14T17:50:14","slug":"92322-munique-mochila-para-notebook-em-300d","status":"publish","type":"product","link":"https:\/\/camisetasebrindesexpress.com.br\/index.php\/produto\/92322-munique-mochila-para-notebook-em-300d\/","title":{"rendered":"92322 MUNIQUE. Mochila para notebook em 300D"},"content":{"rendered":"<p>Mochila para notebook em 300D com placa de metal preta personaliz\u00e1vel e 2 compartimentos principais. Os 2 bolsos almofadados s\u00e3o compat\u00edveis com computador at\u00e9 17&#8243; e com um tablet de 9,7&#8243;. Tem ainda mais 2 bolsos nas al\u00e7as (1 com z\u00edpper), bolso oculto nas costas da mochila com z\u00edpper, bolso no topo com z\u00edpper e bolso aberto na lateral com entrada USB. Cont\u00e9m ainda tira de transporte para trolley e al\u00e7as e parte posterior almofadadas. 310 x 480 x 130 mm<\/p>\n","protected":false},"excerpt":{"rendered":"<p>Mochila para notebook em 300D com placa de metal preta personaliz\u00e1vel e 2 compartimentos principais. Os 2 bolsos almofadados s\u00e3o compat\u00edveis com computador at\u00e9 17&#8243; e com um tablet de 9,7&#8243;. Tem ainda mais 2 bolsos nas al\u00e7as (1 com z\u00edpper), bolso oculto nas costas da mochila com z\u00edpper, bolso no topo com z\u00edpper e [&hellip;]<\/p>\n","protected":false},"featured_media":1683,"comment_status":"open","ping_status":"closed","template":"","meta":{"_joinchat":[]},"product_cat":[21],"product_tag":[],"_links":{"self":[{"href":"https:\/\/camisetasebrindesexpress.com.br\/index.php\/wp-json\/wp\/v2\/product\/1673"}],"collection":[{"href":"https:\/\/camisetasebrindesexpress.com.br\/index.php\/wp-json\/wp\/v2\/product"}],"about":[{"href":"https:\/\/camisetasebrindesexpress.com.br\/index.php\/wp-json\/wp\/v2\/types\/product"}],"replies":[{"embeddable":true,"href":"https:\/\/camisetasebrindesexpress.com.br\/index.php\/wp-json\/wp\/v2\/comments?post=1673"}],"wp:featuredmedia":[{"embeddable":true,"href":"https:\/\/camisetasebrindesexpress.com.br\/index.php\/wp-json\/wp\/v2\/media\/1683"}],"wp:attachment":[{"href":"https:\/\/camisetasebrindesexpress.com.br\/index.php\/wp-json\/wp\/v2\/media?parent=1673"}],"wp:term":[{"taxonomy":"product_cat","embeddable":true,"href":"https:\/\/camisetasebrindesexpress.com.br\/index.php\/wp-json\/wp\/v2\/product_cat?post=1673"},{"taxonomy":"product_tag","embeddable":true,"href":"https:\/\/camisetasebrindesexpress.com.br\/index.php\/wp-json\/wp\/v2\/product_tag?post=1673"}],"curies":[{"name":"wp","href":"https:\/\/api.w.org\/{rel}","templated":true}]}}