{"id":1664,"date":"2024-05-14T14:49:07","date_gmt":"2024-05-14T17:49:07","guid":{"rendered":"https:\/\/camisetasebrindesexpress.com.br\/?post_type=product&#038;p=1664"},"modified":"2024-05-14T14:49:07","modified_gmt":"2024-05-14T17:49:07","slug":"92145-eindhoven-mochila-trolley-para-notebook-15-6-em-600d-de-alta-densidade-e-poliester-600d-impermeavel","status":"publish","type":"product","link":"https:\/\/camisetasebrindesexpress.com.br\/index.php\/produto\/92145-eindhoven-mochila-trolley-para-notebook-15-6-em-600d-de-alta-densidade-e-poliester-600d-impermeavel\/","title":{"rendered":"92145 EINDHOVEN. Mochila trolley para notebook 15.6&#8221; em 600D de alta densidade e poli\u00e9ster 600D imperme\u00e1vel"},"content":{"rendered":"<p>Mochila trolley para notebook em 600D de alta densidade e poli\u00e9ster 600D imperme\u00e1vel. Compartimento principal para notebook at\u00e9 15.6&#8221;. Bolso frontal com z\u00edper e bolsos laterais com tela. Mochila trolley com protetor de rodas e pega extens\u00edvel em metal. Parte posterior e al\u00e7as almofadadas. Incluso placa met\u00e1lica remov\u00edvel com im\u00e3, para f\u00e1cil grava\u00e7\u00e3o. 340 x 430 x 170 mm<\/p>\n","protected":false},"excerpt":{"rendered":"<p>Mochila trolley para notebook em 600D de alta densidade e poli\u00e9ster 600D imperme\u00e1vel. Compartimento principal para notebook at\u00e9 15.6&#8221;. Bolso frontal com z\u00edper e bolsos laterais com tela. Mochila trolley com protetor de rodas e pega extens\u00edvel em metal. Parte posterior e al\u00e7as almofadadas. Incluso placa met\u00e1lica remov\u00edvel com im\u00e3, para f\u00e1cil grava\u00e7\u00e3o. 340 x [&hellip;]<\/p>\n","protected":false},"featured_media":1672,"comment_status":"open","ping_status":"closed","template":"","meta":{"_joinchat":[]},"product_cat":[21],"product_tag":[],"_links":{"self":[{"href":"https:\/\/camisetasebrindesexpress.com.br\/index.php\/wp-json\/wp\/v2\/product\/1664"}],"collection":[{"href":"https:\/\/camisetasebrindesexpress.com.br\/index.php\/wp-json\/wp\/v2\/product"}],"about":[{"href":"https:\/\/camisetasebrindesexpress.com.br\/index.php\/wp-json\/wp\/v2\/types\/product"}],"replies":[{"embeddable":true,"href":"https:\/\/camisetasebrindesexpress.com.br\/index.php\/wp-json\/wp\/v2\/comments?post=1664"}],"wp:featuredmedia":[{"embeddable":true,"href":"https:\/\/camisetasebrindesexpress.com.br\/index.php\/wp-json\/wp\/v2\/media\/1672"}],"wp:attachment":[{"href":"https:\/\/camisetasebrindesexpress.com.br\/index.php\/wp-json\/wp\/v2\/media?parent=1664"}],"wp:term":[{"taxonomy":"product_cat","embeddable":true,"href":"https:\/\/camisetasebrindesexpress.com.br\/index.php\/wp-json\/wp\/v2\/product_cat?post=1664"},{"taxonomy":"product_tag","embeddable":true,"href":"https:\/\/camisetasebrindesexpress.com.br\/index.php\/wp-json\/wp\/v2\/product_tag?post=1664"}],"curies":[{"name":"wp","href":"https:\/\/api.w.org\/{rel}","templated":true}]}}