{"id":1655,"date":"2024-05-14T14:47:41","date_gmt":"2024-05-14T17:47:41","guid":{"rendered":"https:\/\/camisetasebrindesexpress.com.br\/?post_type=product&#038;p=1655"},"modified":"2024-05-14T14:47:41","modified_gmt":"2024-05-14T17:47:41","slug":"92293-miami-mochila-trolley-para-notebook-17-em-nylon-999-impermeavel","status":"publish","type":"product","link":"https:\/\/camisetasebrindesexpress.com.br\/index.php\/produto\/92293-miami-mochila-trolley-para-notebook-17-em-nylon-999-impermeavel\/","title":{"rendered":"92293 MIAMI. Mochila trolley para notebook 17&#8221; em Nylon 999 imperme\u00e1vel"},"content":{"rendered":"<div class=\"texto\">Mochila trolley para notebook em Nylon 999 imperme\u00e1vel com 2 rodas. Compartimento principal almofadado para notebook at\u00e9 17&#8221;. Segundo compartimento forrado e com diversos bolsos. Bolso frontal com z\u00edper e bolsos laterais com tela. O trolley tem protetor de rodas, estrutura remov\u00edvel, parte posterior e al\u00e7as almofadadas e pega extens\u00edvel em alum\u00ednio, com mola (altura da pega estendida at\u00e9 550 mm). Placa met\u00e1lica remov\u00edvel com im\u00e3, para f\u00e1cil grava\u00e7\u00e3o. Capacidade at\u00e9 30 L e peso de 1,70 kg. 350 x 460 x 225 mm | Placa: 50 x 20 mm<\/div>\n<div class=\"icons\">\n<div class=\"icon\"><img decoding=\"async\" src=\"https:\/\/www.spotgifts.com.br\/fotos\/pictogramas\/pega_com_mola_1643344716610cfd46eb59c.png\" alt=\"SPOT\" \/><\/div>\n<div class=\"icon\"><img decoding=\"async\" src=\"https:\/\/www.spotgifts.com.br\/fotos\/pictogramas\/prova_agua_466749045610cfe2bd0ddd.png\" alt=\"SPOT\" \/><\/div>\n<\/div>\n","protected":false},"excerpt":{"rendered":"<p>Mochila trolley para notebook em Nylon 999 imperme\u00e1vel com 2 rodas. Compartimento principal almofadado para notebook at\u00e9 17&#8221;. Segundo compartimento forrado e com diversos bolsos. Bolso frontal com z\u00edper e bolsos laterais com tela. O trolley tem protetor de rodas, estrutura remov\u00edvel, parte posterior e al\u00e7as almofadadas e pega extens\u00edvel em alum\u00ednio, com mola (altura [&hellip;]<\/p>\n","protected":false},"featured_media":1663,"comment_status":"open","ping_status":"closed","template":"","meta":{"_joinchat":[]},"product_cat":[21],"product_tag":[],"_links":{"self":[{"href":"https:\/\/camisetasebrindesexpress.com.br\/index.php\/wp-json\/wp\/v2\/product\/1655"}],"collection":[{"href":"https:\/\/camisetasebrindesexpress.com.br\/index.php\/wp-json\/wp\/v2\/product"}],"about":[{"href":"https:\/\/camisetasebrindesexpress.com.br\/index.php\/wp-json\/wp\/v2\/types\/product"}],"replies":[{"embeddable":true,"href":"https:\/\/camisetasebrindesexpress.com.br\/index.php\/wp-json\/wp\/v2\/comments?post=1655"}],"wp:featuredmedia":[{"embeddable":true,"href":"https:\/\/camisetasebrindesexpress.com.br\/index.php\/wp-json\/wp\/v2\/media\/1663"}],"wp:attachment":[{"href":"https:\/\/camisetasebrindesexpress.com.br\/index.php\/wp-json\/wp\/v2\/media?parent=1655"}],"wp:term":[{"taxonomy":"product_cat","embeddable":true,"href":"https:\/\/camisetasebrindesexpress.com.br\/index.php\/wp-json\/wp\/v2\/product_cat?post=1655"},{"taxonomy":"product_tag","embeddable":true,"href":"https:\/\/camisetasebrindesexpress.com.br\/index.php\/wp-json\/wp\/v2\/product_tag?post=1655"}],"curies":[{"name":"wp","href":"https:\/\/api.w.org\/{rel}","templated":true}]}}