{"id":1641,"date":"2024-05-14T14:45:19","date_gmt":"2024-05-14T17:45:19","guid":{"rendered":"https:\/\/camisetasebrindesexpress.com.br\/?post_type=product&#038;p=1641"},"modified":"2024-05-14T14:45:19","modified_gmt":"2024-05-14T17:45:19","slug":"92283-note-mochila-trolley-para-notebook-15-6-em-1680d-e-300d","status":"publish","type":"product","link":"https:\/\/camisetasebrindesexpress.com.br\/index.php\/produto\/92283-note-mochila-trolley-para-notebook-15-6-em-1680d-e-300d\/","title":{"rendered":"92283 NOTE. Mochila trolley para notebook 15.6&#8221; em 1680D e 300D"},"content":{"rendered":"<p>Mochila trolley para notebook em 1680D e 300D com 2 rodas. Compartimento principal almofadado para notebook 15.6&#8221;. Segundo compartimento forrado e com diversos bolsos. Bolso frontal com z\u00edper e bolsos laterais com tela. O trolley tem protetor de rodas, al\u00e7as almofadadas e pega extens\u00edvel em metal, com mola (altura da pega estendida at\u00e9 530 mm). Placa met\u00e1lica remov\u00edvel com im\u00e3, para f\u00e1cil grava\u00e7\u00e3o. Capacidade at\u00e9 24 L e peso de 1,65 kg. 350 x 460 x 155 mm | Placa: 50 x 20 mm<\/p>\n","protected":false},"excerpt":{"rendered":"<p>Mochila trolley para notebook em 1680D e 300D com 2 rodas. Compartimento principal almofadado para notebook 15.6&#8221;. Segundo compartimento forrado e com diversos bolsos. Bolso frontal com z\u00edper e bolsos laterais com tela. O trolley tem protetor de rodas, al\u00e7as almofadadas e pega extens\u00edvel em metal, com mola (altura da pega estendida at\u00e9 530 mm). [&hellip;]<\/p>\n","protected":false},"featured_media":1647,"comment_status":"open","ping_status":"closed","template":"","meta":{"_joinchat":[]},"product_cat":[21],"product_tag":[],"_links":{"self":[{"href":"https:\/\/camisetasebrindesexpress.com.br\/index.php\/wp-json\/wp\/v2\/product\/1641"}],"collection":[{"href":"https:\/\/camisetasebrindesexpress.com.br\/index.php\/wp-json\/wp\/v2\/product"}],"about":[{"href":"https:\/\/camisetasebrindesexpress.com.br\/index.php\/wp-json\/wp\/v2\/types\/product"}],"replies":[{"embeddable":true,"href":"https:\/\/camisetasebrindesexpress.com.br\/index.php\/wp-json\/wp\/v2\/comments?post=1641"}],"wp:featuredmedia":[{"embeddable":true,"href":"https:\/\/camisetasebrindesexpress.com.br\/index.php\/wp-json\/wp\/v2\/media\/1647"}],"wp:attachment":[{"href":"https:\/\/camisetasebrindesexpress.com.br\/index.php\/wp-json\/wp\/v2\/media?parent=1641"}],"wp:term":[{"taxonomy":"product_cat","embeddable":true,"href":"https:\/\/camisetasebrindesexpress.com.br\/index.php\/wp-json\/wp\/v2\/product_cat?post=1641"},{"taxonomy":"product_tag","embeddable":true,"href":"https:\/\/camisetasebrindesexpress.com.br\/index.php\/wp-json\/wp\/v2\/product_tag?post=1641"}],"curies":[{"name":"wp","href":"https:\/\/api.w.org\/{rel}","templated":true}]}}