{"id":1636,"date":"2024-05-14T14:44:02","date_gmt":"2024-05-14T17:44:02","guid":{"rendered":"https:\/\/camisetasebrindesexpress.com.br\/?post_type=product&#038;p=1636"},"modified":"2024-05-14T14:44:02","modified_gmt":"2024-05-14T17:44:02","slug":"92177-avenir-mochila-trolley-para-notebook-17-em-1680d-e-300d","status":"publish","type":"product","link":"https:\/\/camisetasebrindesexpress.com.br\/index.php\/produto\/92177-avenir-mochila-trolley-para-notebook-17-em-1680d-e-300d\/","title":{"rendered":"92177 AVENIR. Mochila trolley para notebook 17&#8221; em 1680D e 300D"},"content":{"rendered":"<div class=\"texto\">Mochila trolley para notebook em 1680D e 300D com 2 rodas. Compartimento principal forrado e almofadado, com divis\u00f3ria almofadada para notebook at\u00e9 17&#8221;. 2 bolsos frontais e 2 bolsos laterais com z\u00edper. O trolley tem protetor de rodas e al\u00e7as almofadadas. Pega extens\u00edvel em metal, com mola (altura da pega estendida: 550 mm). Placa met\u00e1lica remov\u00edvel com im\u00e3, para f\u00e1cil grava\u00e7\u00e3o. Capacidade at\u00e9 28 L e peso 1,80 kg. 330 x 490 x 220 mm | Placa: 50 x 20 mm<\/div>\n<div class=\"icons\">\n<div class=\"icon\"><img decoding=\"async\" src=\"https:\/\/www.spotgifts.com.br\/fotos\/pictogramas\/pega_com_mola_1643344716610cfd46eb59c.png\" alt=\"SPOT\" \/><\/div>\n<div class=\"icon\"><img decoding=\"async\" src=\"https:\/\/www.spotgifts.com.br\/fotos\/pictogramas\/94_laptop_inches_6519448566628d789d1a7f.png\" alt=\"SPOT\" \/><\/div>\n<\/div>\n","protected":false},"excerpt":{"rendered":"<p>Mochila trolley para notebook em 1680D e 300D com 2 rodas. Compartimento principal forrado e almofadado, com divis\u00f3ria almofadada para notebook at\u00e9 17&#8221;. 2 bolsos frontais e 2 bolsos laterais com z\u00edper. O trolley tem protetor de rodas e al\u00e7as almofadadas. Pega extens\u00edvel em metal, com mola (altura da pega estendida: 550 mm). Placa met\u00e1lica [&hellip;]<\/p>\n","protected":false},"featured_media":1640,"comment_status":"open","ping_status":"closed","template":"","meta":{"_joinchat":[]},"product_cat":[21],"product_tag":[],"_links":{"self":[{"href":"https:\/\/camisetasebrindesexpress.com.br\/index.php\/wp-json\/wp\/v2\/product\/1636"}],"collection":[{"href":"https:\/\/camisetasebrindesexpress.com.br\/index.php\/wp-json\/wp\/v2\/product"}],"about":[{"href":"https:\/\/camisetasebrindesexpress.com.br\/index.php\/wp-json\/wp\/v2\/types\/product"}],"replies":[{"embeddable":true,"href":"https:\/\/camisetasebrindesexpress.com.br\/index.php\/wp-json\/wp\/v2\/comments?post=1636"}],"wp:featuredmedia":[{"embeddable":true,"href":"https:\/\/camisetasebrindesexpress.com.br\/index.php\/wp-json\/wp\/v2\/media\/1640"}],"wp:attachment":[{"href":"https:\/\/camisetasebrindesexpress.com.br\/index.php\/wp-json\/wp\/v2\/media?parent=1636"}],"wp:term":[{"taxonomy":"product_cat","embeddable":true,"href":"https:\/\/camisetasebrindesexpress.com.br\/index.php\/wp-json\/wp\/v2\/product_cat?post=1636"},{"taxonomy":"product_tag","embeddable":true,"href":"https:\/\/camisetasebrindesexpress.com.br\/index.php\/wp-json\/wp\/v2\/product_tag?post=1636"}],"curies":[{"name":"wp","href":"https:\/\/api.w.org\/{rel}","templated":true}]}}