{"id":1625,"date":"2024-05-14T14:41:23","date_gmt":"2024-05-14T17:41:23","guid":{"rendered":"https:\/\/camisetasebrindesexpress.com.br\/?post_type=product&#038;p=1625"},"modified":"2024-05-14T14:41:24","modified_gmt":"2024-05-14T17:41:24","slug":"92129-moura-mala-para-notebook-ate-15-6-em-c-sintetico-e-1680d","status":"publish","type":"product","link":"https:\/\/camisetasebrindesexpress.com.br\/index.php\/produto\/92129-moura-mala-para-notebook-ate-15-6-em-c-sintetico-e-1680d\/","title":{"rendered":"92129 MOURA. Mala para notebook at\u00e9 15.6&#8243; em c. sint\u00e9tico e 1680D"},"content":{"rendered":"<p>Mala de viagem para notebook em c. sint\u00e9tico e 1680D com caixa r\u00edgida e 2 rodas. Compartimento interior forrado e almofadado para notebook port\u00e1til at\u00e9 15.6&#8221;. Etiqueta para identifica\u00e7\u00e3o na parte posterior. Pega extens\u00edvel em alum\u00ednio, com mola (altura da pega estendida at\u00e9 675 mm) e placa met\u00e1lica remov\u00edvel com im\u00e3, para f\u00e1cil grava\u00e7\u00e3o. Mala com capacidade at\u00e9 20 L e peso de 2,75 kg. 430 x 370 x 180 mm | Placa: 50 x 20 mm<\/p>\n","protected":false},"excerpt":{"rendered":"<p>Mala de viagem para notebook em c. sint\u00e9tico e 1680D com caixa r\u00edgida e 2 rodas. Compartimento interior forrado e almofadado para notebook port\u00e1til at\u00e9 15.6&#8221;. Etiqueta para identifica\u00e7\u00e3o na parte posterior. Pega extens\u00edvel em alum\u00ednio, com mola (altura da pega estendida at\u00e9 675 mm) e placa met\u00e1lica remov\u00edvel com im\u00e3, para f\u00e1cil grava\u00e7\u00e3o. Mala [&hellip;]<\/p>\n","protected":false},"featured_media":1626,"comment_status":"open","ping_status":"closed","template":"","meta":{"_joinchat":[]},"product_cat":[21],"product_tag":[],"_links":{"self":[{"href":"https:\/\/camisetasebrindesexpress.com.br\/index.php\/wp-json\/wp\/v2\/product\/1625"}],"collection":[{"href":"https:\/\/camisetasebrindesexpress.com.br\/index.php\/wp-json\/wp\/v2\/product"}],"about":[{"href":"https:\/\/camisetasebrindesexpress.com.br\/index.php\/wp-json\/wp\/v2\/types\/product"}],"replies":[{"embeddable":true,"href":"https:\/\/camisetasebrindesexpress.com.br\/index.php\/wp-json\/wp\/v2\/comments?post=1625"}],"wp:featuredmedia":[{"embeddable":true,"href":"https:\/\/camisetasebrindesexpress.com.br\/index.php\/wp-json\/wp\/v2\/media\/1626"}],"wp:attachment":[{"href":"https:\/\/camisetasebrindesexpress.com.br\/index.php\/wp-json\/wp\/v2\/media?parent=1625"}],"wp:term":[{"taxonomy":"product_cat","embeddable":true,"href":"https:\/\/camisetasebrindesexpress.com.br\/index.php\/wp-json\/wp\/v2\/product_cat?post=1625"},{"taxonomy":"product_tag","embeddable":true,"href":"https:\/\/camisetasebrindesexpress.com.br\/index.php\/wp-json\/wp\/v2\/product_tag?post=1625"}],"curies":[{"name":"wp","href":"https:\/\/api.w.org\/{rel}","templated":true}]}}