{"id":1611,"date":"2024-05-14T14:39:31","date_gmt":"2024-05-14T17:39:31","guid":{"rendered":"https:\/\/camisetasebrindesexpress.com.br\/?post_type=product&#038;p=1611"},"modified":"2024-05-14T14:39:31","modified_gmt":"2024-05-14T17:39:31","slug":"92159-bruges-mala-de-viagem-executivo-em-abs-e-pet-com-interior-forrado","status":"publish","type":"product","link":"https:\/\/camisetasebrindesexpress.com.br\/index.php\/produto\/92159-bruges-mala-de-viagem-executivo-em-abs-e-pet-com-interior-forrado\/","title":{"rendered":"92159 BRUGES. Mala de viagem executivo em ABS e PET com interior forrado"},"content":{"rendered":"<div class=\"texto\">Mala de viagem executivo em ABS e PET com interior forrado, com divis\u00f3ria. Fecho de seguran\u00e7a com senha na lateral, 4 rodas duplas girat\u00f3rias, pega extens\u00edvel em alum\u00ednio, com mola (altura pega estendida at\u00e9 530 mm) e placa met\u00e1lica remov\u00edvel, para f\u00e1cil grava\u00e7\u00e3o. Mala com capacidade at\u00e9 33 L e peso de 2,70 kg. 335 x 540 x 225 mm | Placa: 60 x 30 mm<\/div>\n<div class=\"icons\">\n<div class=\"icon\"><img decoding=\"async\" src=\"https:\/\/www.spotgifts.com.br\/fotos\/pictogramas\/pega_com_mola_1643344716610cfd46eb59c.png\" alt=\"SPOT\" \/><\/div>\n<div class=\"icon\"><img decoding=\"async\" src=\"https:\/\/www.spotgifts.com.br\/fotos\/pictogramas\/rpet_6281350156466226ac3266.png\" alt=\"SPOT\" \/><\/div>\n<\/div>\n","protected":false},"excerpt":{"rendered":"<p>Mala de viagem executivo em ABS e PET com interior forrado, com divis\u00f3ria. Fecho de seguran\u00e7a com senha na lateral, 4 rodas duplas girat\u00f3rias, pega extens\u00edvel em alum\u00ednio, com mola (altura pega estendida at\u00e9 530 mm) e placa met\u00e1lica remov\u00edvel, para f\u00e1cil grava\u00e7\u00e3o. Mala com capacidade at\u00e9 33 L e peso de 2,70 kg. 335 [&hellip;]<\/p>\n","protected":false},"featured_media":1619,"comment_status":"open","ping_status":"closed","template":"","meta":{"_joinchat":[]},"product_cat":[21],"product_tag":[],"_links":{"self":[{"href":"https:\/\/camisetasebrindesexpress.com.br\/index.php\/wp-json\/wp\/v2\/product\/1611"}],"collection":[{"href":"https:\/\/camisetasebrindesexpress.com.br\/index.php\/wp-json\/wp\/v2\/product"}],"about":[{"href":"https:\/\/camisetasebrindesexpress.com.br\/index.php\/wp-json\/wp\/v2\/types\/product"}],"replies":[{"embeddable":true,"href":"https:\/\/camisetasebrindesexpress.com.br\/index.php\/wp-json\/wp\/v2\/comments?post=1611"}],"wp:featuredmedia":[{"embeddable":true,"href":"https:\/\/camisetasebrindesexpress.com.br\/index.php\/wp-json\/wp\/v2\/media\/1619"}],"wp:attachment":[{"href":"https:\/\/camisetasebrindesexpress.com.br\/index.php\/wp-json\/wp\/v2\/media?parent=1611"}],"wp:term":[{"taxonomy":"product_cat","embeddable":true,"href":"https:\/\/camisetasebrindesexpress.com.br\/index.php\/wp-json\/wp\/v2\/product_cat?post=1611"},{"taxonomy":"product_tag","embeddable":true,"href":"https:\/\/camisetasebrindesexpress.com.br\/index.php\/wp-json\/wp\/v2\/product_tag?post=1611"}],"curies":[{"name":"wp","href":"https:\/\/api.w.org\/{rel}","templated":true}]}}