{"id":1604,"date":"2024-05-14T14:38:35","date_gmt":"2024-05-14T17:38:35","guid":{"rendered":"https:\/\/camisetasebrindesexpress.com.br\/?post_type=product&#038;p=1604"},"modified":"2024-05-14T14:38:35","modified_gmt":"2024-05-14T17:38:35","slug":"92140-uruguay-mala-de-viagem-executivo-em-abs","status":"publish","type":"product","link":"https:\/\/camisetasebrindesexpress.com.br\/index.php\/produto\/92140-uruguay-mala-de-viagem-executivo-em-abs\/","title":{"rendered":"92140 URUGUAY. Mala de viagem executivo em ABS"},"content":{"rendered":"<p>Mala de viagem executivo em ABS com compartimento frontal para notebook 17&#8221; e interior forrado. 4 rodas girat\u00f3rias, pega extens\u00edvel em alum\u00ednio, com mola (altura da pega estendida at\u00e9 480 mm) e placa met\u00e1lica remov\u00edvel, para f\u00e1cil grava\u00e7\u00e3o. Mala com capacidade at\u00e9 35 L e peso de 2,70 kg. 340 x 545 x 245 mm | Placa: 31 x 31 mm<\/p>\n","protected":false},"excerpt":{"rendered":"<p>Mala de viagem executivo em ABS com compartimento frontal para notebook 17&#8221; e interior forrado. 4 rodas girat\u00f3rias, pega extens\u00edvel em alum\u00ednio, com mola (altura da pega estendida at\u00e9 480 mm) e placa met\u00e1lica remov\u00edvel, para f\u00e1cil grava\u00e7\u00e3o. Mala com capacidade at\u00e9 35 L e peso de 2,70 kg. 340 x 545 x 245 mm [&hellip;]<\/p>\n","protected":false},"featured_media":1610,"comment_status":"open","ping_status":"closed","template":"","meta":{"_joinchat":[]},"product_cat":[21],"product_tag":[],"_links":{"self":[{"href":"https:\/\/camisetasebrindesexpress.com.br\/index.php\/wp-json\/wp\/v2\/product\/1604"}],"collection":[{"href":"https:\/\/camisetasebrindesexpress.com.br\/index.php\/wp-json\/wp\/v2\/product"}],"about":[{"href":"https:\/\/camisetasebrindesexpress.com.br\/index.php\/wp-json\/wp\/v2\/types\/product"}],"replies":[{"embeddable":true,"href":"https:\/\/camisetasebrindesexpress.com.br\/index.php\/wp-json\/wp\/v2\/comments?post=1604"}],"wp:featuredmedia":[{"embeddable":true,"href":"https:\/\/camisetasebrindesexpress.com.br\/index.php\/wp-json\/wp\/v2\/media\/1610"}],"wp:attachment":[{"href":"https:\/\/camisetasebrindesexpress.com.br\/index.php\/wp-json\/wp\/v2\/media?parent=1604"}],"wp:term":[{"taxonomy":"product_cat","embeddable":true,"href":"https:\/\/camisetasebrindesexpress.com.br\/index.php\/wp-json\/wp\/v2\/product_cat?post=1604"},{"taxonomy":"product_tag","embeddable":true,"href":"https:\/\/camisetasebrindesexpress.com.br\/index.php\/wp-json\/wp\/v2\/product_tag?post=1604"}],"curies":[{"name":"wp","href":"https:\/\/api.w.org\/{rel}","templated":true}]}}