{"id":1585,"date":"2024-05-14T14:36:29","date_gmt":"2024-05-14T17:36:29","guid":{"rendered":"https:\/\/camisetasebrindesexpress.com.br\/?post_type=product&#038;p=1585"},"modified":"2024-05-14T14:36:30","modified_gmt":"2024-05-14T17:36:30","slug":"92185-hamburg-mala-de-viagem-executivo-em-abs-com-interior-forrado","status":"publish","type":"product","link":"https:\/\/camisetasebrindesexpress.com.br\/index.php\/produto\/92185-hamburg-mala-de-viagem-executivo-em-abs-com-interior-forrado\/","title":{"rendered":"92185 HAMBURG. Mala de viagem executivo em ABS com interior forrado"},"content":{"rendered":"<p>Mala de viagem executiva em ABS com divis\u00f3ria e interior forrado. Fecho de seguran\u00e7a com senha na lateral, 4 rodas duplas girat\u00f3rias e pega extens\u00edvel em metal (altura at\u00e9 530 mm), com mola e placa met\u00e1lica remov\u00edvel, para f\u00e1cil grava\u00e7\u00e3o. Capacidade at\u00e9 34 L e peso de 2,50 kg. 345 x 540 x 220 mm | Placa: 60 x 20 mm<\/p>\n","protected":false},"excerpt":{"rendered":"<p>Mala de viagem executiva em ABS com divis\u00f3ria e interior forrado. Fecho de seguran\u00e7a com senha na lateral, 4 rodas duplas girat\u00f3rias e pega extens\u00edvel em metal (altura at\u00e9 530 mm), com mola e placa met\u00e1lica remov\u00edvel, para f\u00e1cil grava\u00e7\u00e3o. Capacidade at\u00e9 34 L e peso de 2,50 kg. 345 x 540 x 220 mm [&hellip;]<\/p>\n","protected":false},"featured_media":1593,"comment_status":"open","ping_status":"closed","template":"","meta":{"_joinchat":[]},"product_cat":[21],"product_tag":[],"_links":{"self":[{"href":"https:\/\/camisetasebrindesexpress.com.br\/index.php\/wp-json\/wp\/v2\/product\/1585"}],"collection":[{"href":"https:\/\/camisetasebrindesexpress.com.br\/index.php\/wp-json\/wp\/v2\/product"}],"about":[{"href":"https:\/\/camisetasebrindesexpress.com.br\/index.php\/wp-json\/wp\/v2\/types\/product"}],"replies":[{"embeddable":true,"href":"https:\/\/camisetasebrindesexpress.com.br\/index.php\/wp-json\/wp\/v2\/comments?post=1585"}],"wp:featuredmedia":[{"embeddable":true,"href":"https:\/\/camisetasebrindesexpress.com.br\/index.php\/wp-json\/wp\/v2\/media\/1593"}],"wp:attachment":[{"href":"https:\/\/camisetasebrindesexpress.com.br\/index.php\/wp-json\/wp\/v2\/media?parent=1585"}],"wp:term":[{"taxonomy":"product_cat","embeddable":true,"href":"https:\/\/camisetasebrindesexpress.com.br\/index.php\/wp-json\/wp\/v2\/product_cat?post=1585"},{"taxonomy":"product_tag","embeddable":true,"href":"https:\/\/camisetasebrindesexpress.com.br\/index.php\/wp-json\/wp\/v2\/product_tag?post=1585"}],"curies":[{"name":"wp","href":"https:\/\/api.w.org\/{rel}","templated":true}]}}