{"id":1569,"date":"2024-05-14T14:02:29","date_gmt":"2024-05-14T17:02:29","guid":{"rendered":"https:\/\/camisetasebrindesexpress.com.br\/?post_type=product&#038;p=1569"},"modified":"2024-05-14T14:02:30","modified_gmt":"2024-05-14T17:02:30","slug":"92144-vigo-mala-de-viagem-executivo-em-abs-com-interior-forrado","status":"publish","type":"product","link":"https:\/\/camisetasebrindesexpress.com.br\/index.php\/produto\/92144-vigo-mala-de-viagem-executivo-em-abs-com-interior-forrado\/","title":{"rendered":"92144 VIGO. Mala de viagem executivo em ABS com interior forrado"},"content":{"rendered":"<div class=\"texto\">Mala de viagem executivo em ABS com interior forrado, com divis\u00f3ria. Fecho de seguran\u00e7a com senha na lateral, 4 rodas girat\u00f3rias, pega extens\u00edvel em alum\u00ednio, com mola (altura da pega estendida at\u00e9 500 mm), e placa met\u00e1lica remov\u00edvel com im\u00e3, para f\u00e1cil grava\u00e7\u00e3o. Mala com capacidade at\u00e9 31 L e peso de 2,25 kg. 355 x 550 x 200 mm | Placa: 50 x 20 mm<\/div>\n<div class=\"icons\">\n<div class=\"icon\"><img decoding=\"async\" src=\"https:\/\/www.spotgifts.com.br\/fotos\/pictogramas\/pega_com_mola_1643344716610cfd46eb59c.png\" alt=\"SPOT\" \/><\/div>\n<\/div>\n","protected":false},"excerpt":{"rendered":"<p>Mala de viagem executivo em ABS com interior forrado, com divis\u00f3ria. Fecho de seguran\u00e7a com senha na lateral, 4 rodas girat\u00f3rias, pega extens\u00edvel em alum\u00ednio, com mola (altura da pega estendida at\u00e9 500 mm), e placa met\u00e1lica remov\u00edvel com im\u00e3, para f\u00e1cil grava\u00e7\u00e3o. Mala com capacidade at\u00e9 31 L e peso de 2,25 kg. 355 [&hellip;]<\/p>\n","protected":false},"featured_media":1575,"comment_status":"open","ping_status":"closed","template":"","meta":{"_joinchat":[]},"product_cat":[21],"product_tag":[],"_links":{"self":[{"href":"https:\/\/camisetasebrindesexpress.com.br\/index.php\/wp-json\/wp\/v2\/product\/1569"}],"collection":[{"href":"https:\/\/camisetasebrindesexpress.com.br\/index.php\/wp-json\/wp\/v2\/product"}],"about":[{"href":"https:\/\/camisetasebrindesexpress.com.br\/index.php\/wp-json\/wp\/v2\/types\/product"}],"replies":[{"embeddable":true,"href":"https:\/\/camisetasebrindesexpress.com.br\/index.php\/wp-json\/wp\/v2\/comments?post=1569"}],"wp:featuredmedia":[{"embeddable":true,"href":"https:\/\/camisetasebrindesexpress.com.br\/index.php\/wp-json\/wp\/v2\/media\/1575"}],"wp:attachment":[{"href":"https:\/\/camisetasebrindesexpress.com.br\/index.php\/wp-json\/wp\/v2\/media?parent=1569"}],"wp:term":[{"taxonomy":"product_cat","embeddable":true,"href":"https:\/\/camisetasebrindesexpress.com.br\/index.php\/wp-json\/wp\/v2\/product_cat?post=1569"},{"taxonomy":"product_tag","embeddable":true,"href":"https:\/\/camisetasebrindesexpress.com.br\/index.php\/wp-json\/wp\/v2\/product_tag?post=1569"}],"curies":[{"name":"wp","href":"https:\/\/api.w.org\/{rel}","templated":true}]}}