{"id":1507,"date":"2024-05-14T13:53:33","date_gmt":"2024-05-14T16:53:33","guid":{"rendered":"https:\/\/camisetasebrindesexpress.com.br\/?post_type=product&#038;p=1507"},"modified":"2024-05-14T13:53:33","modified_gmt":"2024-05-14T16:53:33","slug":"92191-delfos-mochila-a-tiracolo-em-300d-pet-e-600d-pet","status":"publish","type":"product","link":"https:\/\/camisetasebrindesexpress.com.br\/index.php\/produto\/92191-delfos-mochila-a-tiracolo-em-300d-pet-e-600d-pet\/","title":{"rendered":"92191 DELFOS. Mochila \u00e0 tiracolo em 300D PET e 600D PET"},"content":{"rendered":"<div class=\"texto\">Mochila \u00e0 tiracolo em 300D rPET e 600D rPET. Possui compartimento principal e bolso frontal com fecho. Cont\u00e9m elementos refletores e um el\u00e1stico interior para transporte de garrafa. As al\u00e7as e a parte posterior s\u00e3o almofadadas. 200 x 340 x 80 mm<\/div>\n<div class=\"icons\">\n<div class=\"icon\"><img decoding=\"async\" src=\"https:\/\/www.spotgifts.com.br\/fotos\/pictogramas\/elementos_refletores_386723300610cfc64a3962.png\" alt=\"SPOT\" \/><\/div>\n<div class=\"icon\"><img decoding=\"async\" src=\"https:\/\/www.spotgifts.com.br\/fotos\/pictogramas\/our_nature_204199429465a696b2f1eac.png\" alt=\"SPOT\" \/><\/div>\n<div class=\"icon\"><img decoding=\"async\" src=\"https:\/\/www.spotgifts.com.br\/fotos\/pictogramas\/rpet_6281350156466226ac3266.png\" alt=\"SPOT\" \/><\/div>\n<\/div>\n","protected":false},"excerpt":{"rendered":"<p>Mochila \u00e0 tiracolo em 300D rPET e 600D rPET. Possui compartimento principal e bolso frontal com fecho. Cont\u00e9m elementos refletores e um el\u00e1stico interior para transporte de garrafa. As al\u00e7as e a parte posterior s\u00e3o almofadadas. 200 x 340 x 80 mm<\/p>\n","protected":false},"featured_media":1513,"comment_status":"open","ping_status":"closed","template":"","meta":{"_joinchat":[]},"product_cat":[21],"product_tag":[],"_links":{"self":[{"href":"https:\/\/camisetasebrindesexpress.com.br\/index.php\/wp-json\/wp\/v2\/product\/1507"}],"collection":[{"href":"https:\/\/camisetasebrindesexpress.com.br\/index.php\/wp-json\/wp\/v2\/product"}],"about":[{"href":"https:\/\/camisetasebrindesexpress.com.br\/index.php\/wp-json\/wp\/v2\/types\/product"}],"replies":[{"embeddable":true,"href":"https:\/\/camisetasebrindesexpress.com.br\/index.php\/wp-json\/wp\/v2\/comments?post=1507"}],"wp:featuredmedia":[{"embeddable":true,"href":"https:\/\/camisetasebrindesexpress.com.br\/index.php\/wp-json\/wp\/v2\/media\/1513"}],"wp:attachment":[{"href":"https:\/\/camisetasebrindesexpress.com.br\/index.php\/wp-json\/wp\/v2\/media?parent=1507"}],"wp:term":[{"taxonomy":"product_cat","embeddable":true,"href":"https:\/\/camisetasebrindesexpress.com.br\/index.php\/wp-json\/wp\/v2\/product_cat?post=1507"},{"taxonomy":"product_tag","embeddable":true,"href":"https:\/\/camisetasebrindesexpress.com.br\/index.php\/wp-json\/wp\/v2\/product_tag?post=1507"}],"curies":[{"name":"wp","href":"https:\/\/api.w.org\/{rel}","templated":true}]}}