{"id":1496,"date":"2024-05-14T13:50:17","date_gmt":"2024-05-14T16:50:17","guid":{"rendered":"https:\/\/camisetasebrindesexpress.com.br\/?post_type=product&#038;p=1496"},"modified":"2024-05-14T13:50:17","modified_gmt":"2024-05-14T16:50:17","slug":"92681-motion-backpack-mochila-em-600d-e-c-sintetico","status":"publish","type":"product","link":"https:\/\/camisetasebrindesexpress.com.br\/index.php\/produto\/92681-motion-backpack-mochila-em-600d-e-c-sintetico\/","title":{"rendered":"92681 MOTION BACKPACK. Mochila em 600D e c.sint\u00e9tico"},"content":{"rendered":"<p>A\u00a0 Motion \u00e9 uma mochila com design irreverente e \u00fanico em 600D e c.sint\u00e9tico de alta qualidade. A mochila tem diversos compartimentos, bolsos no seu interior e dois bolsos almofadados desenhados propositadamente para proteger um notebook de 15.6&#8221; e o tablet de 10.5&#8221;. As al\u00e7as e parte posterior almofadadas acentuam o conforto desta mochila. O encaixe para trolley \u00e9 mais uma carater\u00edstica que enfatiza o lado pr\u00e1tico desta mochila agilizando o seu transporte. O bolso frontal com pala e os bolsos laterais s\u00e3o igualmente \u00fanicos pelo seu desenho, desde a assimetria do bolso frontal ao escondido bolso na lateral que permite guardar uma garrafa de \u00e1gua. Fornecida em sacola de non-woven. Motion Backpack: 410 x 330 x 150 mm | Sacola em non-woven: 500 x 500 x 80 mm<\/p>\n","protected":false},"excerpt":{"rendered":"<p>A\u00a0 Motion \u00e9 uma mochila com design irreverente e \u00fanico em 600D e c.sint\u00e9tico de alta qualidade. A mochila tem diversos compartimentos, bolsos no seu interior e dois bolsos almofadados desenhados propositadamente para proteger um notebook de 15.6&#8221; e o tablet de 10.5&#8221;. As al\u00e7as e parte posterior almofadadas acentuam o conforto desta mochila. O [&hellip;]<\/p>\n","protected":false},"featured_media":1506,"comment_status":"open","ping_status":"closed","template":"","meta":{"_joinchat":[]},"product_cat":[21],"product_tag":[],"_links":{"self":[{"href":"https:\/\/camisetasebrindesexpress.com.br\/index.php\/wp-json\/wp\/v2\/product\/1496"}],"collection":[{"href":"https:\/\/camisetasebrindesexpress.com.br\/index.php\/wp-json\/wp\/v2\/product"}],"about":[{"href":"https:\/\/camisetasebrindesexpress.com.br\/index.php\/wp-json\/wp\/v2\/types\/product"}],"replies":[{"embeddable":true,"href":"https:\/\/camisetasebrindesexpress.com.br\/index.php\/wp-json\/wp\/v2\/comments?post=1496"}],"wp:featuredmedia":[{"embeddable":true,"href":"https:\/\/camisetasebrindesexpress.com.br\/index.php\/wp-json\/wp\/v2\/media\/1506"}],"wp:attachment":[{"href":"https:\/\/camisetasebrindesexpress.com.br\/index.php\/wp-json\/wp\/v2\/media?parent=1496"}],"wp:term":[{"taxonomy":"product_cat","embeddable":true,"href":"https:\/\/camisetasebrindesexpress.com.br\/index.php\/wp-json\/wp\/v2\/product_cat?post=1496"},{"taxonomy":"product_tag","embeddable":true,"href":"https:\/\/camisetasebrindesexpress.com.br\/index.php\/wp-json\/wp\/v2\/product_tag?post=1496"}],"curies":[{"name":"wp","href":"https:\/\/api.w.org\/{rel}","templated":true}]}}