{"id":1488,"date":"2024-05-14T13:14:47","date_gmt":"2024-05-14T16:14:47","guid":{"rendered":"https:\/\/camisetasebrindesexpress.com.br\/?post_type=product&#038;p=1488"},"modified":"2024-05-14T13:14:47","modified_gmt":"2024-05-14T16:14:47","slug":"92521-motion-bag-saco-de-viagem-em-600d-cationico-e-c-sintetico","status":"publish","type":"product","link":"https:\/\/camisetasebrindesexpress.com.br\/index.php\/produto\/92521-motion-bag-saco-de-viagem-em-600d-cationico-e-c-sintetico\/","title":{"rendered":"92521 MOTION BAG. Saco de viagem em 600D cati\u00f3nico e c.sint\u00e9tico"},"content":{"rendered":"<div class=\"texto\">A Motion Bag \u00e9 uma sacola de viagem pr\u00e1tica e elegante, em 600D cati\u00f3nico e c.sint\u00e9tico de alta qualidade. O compartimento principal espa\u00e7oso \u00e9 ideal para guardar roupa e outros utilit\u00e1rios necess\u00e1rios para viagens curtas. Possui ainda quatro bolsos no interior e bolso frontal com uma pala de desenho assim\u00e9trico, que caracteriza esta linha e lhe confere um design moderno. Fecha com \u00edm\u00e3. A praticidade desta sacola \u00e9 acompanhada por um design pormenorizado e cuidado que conduzem a detalhes como o espa\u00e7o para colocar a etiqueta de nome, os p\u00e9s met\u00e1licos que protegem a sacola, o desenho do fecho que permite ser controlado por cadeado (n\u00e3o incluso). As al\u00e7as s\u00e3o desenhadas para serem ajust\u00e1veis e confort\u00e1veis. Fornecida em sacola de non-woven. 500 x 300 x 250 mm | Sacola em non-woven: 700 x 450 x 75 mm<\/div>\n<div class=\"extra\">\n<div class=\"info\"><\/div>\n<\/div>\n<div class=\"tag catalogo\"><\/div>\n","protected":false},"excerpt":{"rendered":"<p>A Motion Bag \u00e9 uma sacola de viagem pr\u00e1tica e elegante, em 600D cati\u00f3nico e c.sint\u00e9tico de alta qualidade. O compartimento principal espa\u00e7oso \u00e9 ideal para guardar roupa e outros utilit\u00e1rios necess\u00e1rios para viagens curtas. Possui ainda quatro bolsos no interior e bolso frontal com uma pala de desenho assim\u00e9trico, que caracteriza esta linha e [&hellip;]<\/p>\n","protected":false},"featured_media":1495,"comment_status":"open","ping_status":"closed","template":"","meta":{"_joinchat":[]},"product_cat":[21],"product_tag":[],"_links":{"self":[{"href":"https:\/\/camisetasebrindesexpress.com.br\/index.php\/wp-json\/wp\/v2\/product\/1488"}],"collection":[{"href":"https:\/\/camisetasebrindesexpress.com.br\/index.php\/wp-json\/wp\/v2\/product"}],"about":[{"href":"https:\/\/camisetasebrindesexpress.com.br\/index.php\/wp-json\/wp\/v2\/types\/product"}],"replies":[{"embeddable":true,"href":"https:\/\/camisetasebrindesexpress.com.br\/index.php\/wp-json\/wp\/v2\/comments?post=1488"}],"wp:featuredmedia":[{"embeddable":true,"href":"https:\/\/camisetasebrindesexpress.com.br\/index.php\/wp-json\/wp\/v2\/media\/1495"}],"wp:attachment":[{"href":"https:\/\/camisetasebrindesexpress.com.br\/index.php\/wp-json\/wp\/v2\/media?parent=1488"}],"wp:term":[{"taxonomy":"product_cat","embeddable":true,"href":"https:\/\/camisetasebrindesexpress.com.br\/index.php\/wp-json\/wp\/v2\/product_cat?post=1488"},{"taxonomy":"product_tag","embeddable":true,"href":"https:\/\/camisetasebrindesexpress.com.br\/index.php\/wp-json\/wp\/v2\/product_tag?post=1488"}],"curies":[{"name":"wp","href":"https:\/\/api.w.org\/{rel}","templated":true}]}}