{"id":1480,"date":"2024-05-14T13:12:42","date_gmt":"2024-05-14T16:12:42","guid":{"rendered":"https:\/\/camisetasebrindesexpress.com.br\/?post_type=product&#038;p=1480"},"modified":"2024-05-14T13:12:42","modified_gmt":"2024-05-14T16:12:42","slug":"92359-empire-suitcase-ii-pasta-executiva-em-c-sintetico-para-portatil-15-6","status":"publish","type":"product","link":"https:\/\/camisetasebrindesexpress.com.br\/index.php\/produto\/92359-empire-suitcase-ii-pasta-executiva-em-c-sintetico-para-portatil-15-6\/","title":{"rendered":"92359 EMPIRE SUITCASE II. Pasta executiva em c.sint\u00e9tico para port\u00e1til 15.6\u201d"},"content":{"rendered":"<div class=\"texto\">A Empire II \u00e9 uma pasta cl\u00e1ssica e sofisticada, que cont\u00e9m dois bolsos idealizados para proteger o seu notebook at\u00e9 15.6&#8221; e o seu tablet at\u00e9 10.5&#8221;. O seu design, tal como todos os produtos desta linha, foi pensado ao mais \u00ednfimo pormenor e todos os detalhes fazem com que a pasta Empire II seja o objeto ideal para o dia-a-dia, que n\u00e3o passa despercebido. O acabamento da Empire II \u00e9 em c.sint\u00e9tico texturado de alta qualidade. A versatilidade que se denota nas diferentes formas de transporte, \u00e9 igualmente percet\u00edvel no seu encaixe para trolley. Fornecida em sacola de non-woven. EMPIRE SUITCASE II: 380 x 280 x 80 mm | Sacola em non-woven: 500 x 500 x 80 mm<\/div>\n<div class=\"icons\">\n<div class=\"icon\"><img decoding=\"async\" src=\"https:\/\/www.spotgifts.com.br\/fotos\/pictogramas\/94_laptop_inches_6519448566628d789d1a7f.png\" alt=\"SPOT\" \/><\/div>\n<div class=\"icon\"><img decoding=\"async\" src=\"https:\/\/www.spotgifts.com.br\/fotos\/pictogramas\/106_tablet_inches_13818537496628da9f1c42a.png\" alt=\"SPOT\" \/><\/div>\n<\/div>\n","protected":false},"excerpt":{"rendered":"<p>A Empire II \u00e9 uma pasta cl\u00e1ssica e sofisticada, que cont\u00e9m dois bolsos idealizados para proteger o seu notebook at\u00e9 15.6&#8221; e o seu tablet at\u00e9 10.5&#8221;. O seu design, tal como todos os produtos desta linha, foi pensado ao mais \u00ednfimo pormenor e todos os detalhes fazem com que a pasta Empire II seja [&hellip;]<\/p>\n","protected":false},"featured_media":1487,"comment_status":"open","ping_status":"closed","template":"","meta":{"_joinchat":[]},"product_cat":[21],"product_tag":[],"_links":{"self":[{"href":"https:\/\/camisetasebrindesexpress.com.br\/index.php\/wp-json\/wp\/v2\/product\/1480"}],"collection":[{"href":"https:\/\/camisetasebrindesexpress.com.br\/index.php\/wp-json\/wp\/v2\/product"}],"about":[{"href":"https:\/\/camisetasebrindesexpress.com.br\/index.php\/wp-json\/wp\/v2\/types\/product"}],"replies":[{"embeddable":true,"href":"https:\/\/camisetasebrindesexpress.com.br\/index.php\/wp-json\/wp\/v2\/comments?post=1480"}],"wp:featuredmedia":[{"embeddable":true,"href":"https:\/\/camisetasebrindesexpress.com.br\/index.php\/wp-json\/wp\/v2\/media\/1487"}],"wp:attachment":[{"href":"https:\/\/camisetasebrindesexpress.com.br\/index.php\/wp-json\/wp\/v2\/media?parent=1480"}],"wp:term":[{"taxonomy":"product_cat","embeddable":true,"href":"https:\/\/camisetasebrindesexpress.com.br\/index.php\/wp-json\/wp\/v2\/product_cat?post=1480"},{"taxonomy":"product_tag","embeddable":true,"href":"https:\/\/camisetasebrindesexpress.com.br\/index.php\/wp-json\/wp\/v2\/product_tag?post=1480"}],"curies":[{"name":"wp","href":"https:\/\/api.w.org\/{rel}","templated":true}]}}