{"id":1471,"date":"2024-05-14T13:11:07","date_gmt":"2024-05-14T16:11:07","guid":{"rendered":"https:\/\/camisetasebrindesexpress.com.br\/?post_type=product&#038;p=1471"},"modified":"2024-05-14T13:11:07","modified_gmt":"2024-05-14T16:11:07","slug":"92680-empire-backpack-mochila-polipele-para-portatil-14-em-couro-sintetico","status":"publish","type":"product","link":"https:\/\/camisetasebrindesexpress.com.br\/index.php\/produto\/92680-empire-backpack-mochila-polipele-para-portatil-14-em-couro-sintetico\/","title":{"rendered":"92680 EMPIRE BACKPACK. Mochila polipele para port\u00e1til 14&#8221; em couro sint\u00e9tico"},"content":{"rendered":"<div class=\"texto\">A mochila Empire \u00e9 sofisticada e constru\u00edda em c.sint\u00e9tico texturado de elevada qualidade. O compartimento principal \u00e9 composto por 2 divis\u00f3rias almofadadas, compat\u00edveis com notebook at\u00e9 14&#8221; e tablet at\u00e9 10.5&#8221;, e diversos bolsos que facilitam a arruma\u00e7\u00e3o. Na parte frontal, existe mais um bolso grande. Os fechos laterais t\u00eam im\u00e3 resistente e placas met\u00e1licas ideais para personaliza\u00e7\u00e3o. A parte posterior, com sistema de apoio acolchoado para as costas e as al\u00e7as totalmente almofadadas, garante m\u00e1ximo conforto e os cantos inferiores refor\u00e7ados asseguram durabilidade. Cont\u00e9m bolsos interiores e fecho. A mochila Empire tem banda para transporte em trolley, o que a torna num objeto vers\u00e1til e pr\u00e1tico tanto para o dia-a-dia como para viagens de neg\u00f3cios. Fornecida em sacola de non-woven. Mochila: 290 x 370 x 90 mm | Sacola de non-woven: 500 x 500 x 80 mm<\/div>\n<div class=\"icons\">\n<div class=\"icon\"><img decoding=\"async\" src=\"https:\/\/www.spotgifts.com.br\/fotos\/pictogramas\/94_laptop_inches_6519448566628d789d1a7f.png\" alt=\"SPOT\" \/><\/div>\n<div class=\"icon\"><img decoding=\"async\" src=\"https:\/\/www.spotgifts.com.br\/fotos\/pictogramas\/106_tablet_inches_13818537496628da9f1c42a.png\" alt=\"SPOT\" \/><\/div>\n<\/div>\n","protected":false},"excerpt":{"rendered":"<p>A mochila Empire \u00e9 sofisticada e constru\u00edda em c.sint\u00e9tico texturado de elevada qualidade. O compartimento principal \u00e9 composto por 2 divis\u00f3rias almofadadas, compat\u00edveis com notebook at\u00e9 14&#8221; e tablet at\u00e9 10.5&#8221;, e diversos bolsos que facilitam a arruma\u00e7\u00e3o. Na parte frontal, existe mais um bolso grande. Os fechos laterais t\u00eam im\u00e3 resistente e placas met\u00e1licas [&hellip;]<\/p>\n","protected":false},"featured_media":1479,"comment_status":"open","ping_status":"closed","template":"","meta":{"_joinchat":[]},"product_cat":[21],"product_tag":[],"_links":{"self":[{"href":"https:\/\/camisetasebrindesexpress.com.br\/index.php\/wp-json\/wp\/v2\/product\/1471"}],"collection":[{"href":"https:\/\/camisetasebrindesexpress.com.br\/index.php\/wp-json\/wp\/v2\/product"}],"about":[{"href":"https:\/\/camisetasebrindesexpress.com.br\/index.php\/wp-json\/wp\/v2\/types\/product"}],"replies":[{"embeddable":true,"href":"https:\/\/camisetasebrindesexpress.com.br\/index.php\/wp-json\/wp\/v2\/comments?post=1471"}],"wp:featuredmedia":[{"embeddable":true,"href":"https:\/\/camisetasebrindesexpress.com.br\/index.php\/wp-json\/wp\/v2\/media\/1479"}],"wp:attachment":[{"href":"https:\/\/camisetasebrindesexpress.com.br\/index.php\/wp-json\/wp\/v2\/media?parent=1471"}],"wp:term":[{"taxonomy":"product_cat","embeddable":true,"href":"https:\/\/camisetasebrindesexpress.com.br\/index.php\/wp-json\/wp\/v2\/product_cat?post=1471"},{"taxonomy":"product_tag","embeddable":true,"href":"https:\/\/camisetasebrindesexpress.com.br\/index.php\/wp-json\/wp\/v2\/product_tag?post=1471"}],"curies":[{"name":"wp","href":"https:\/\/api.w.org\/{rel}","templated":true}]}}