{"id":1464,"date":"2024-05-14T13:07:25","date_gmt":"2024-05-14T16:07:25","guid":{"rendered":"https:\/\/camisetasebrindesexpress.com.br\/?post_type=product&#038;p=1464"},"modified":"2024-05-14T13:07:25","modified_gmt":"2024-05-14T16:07:25","slug":"92682-dynamic-backpack-i-mochila-2-in-1-portatil-15-6-em-1680d","status":"publish","type":"product","link":"https:\/\/camisetasebrindesexpress.com.br\/index.php\/produto\/92682-dynamic-backpack-i-mochila-2-in-1-portatil-15-6-em-1680d\/","title":{"rendered":"92682 DYNAMIC BACKPACK I. Mochila 2 in 1 port\u00e1til 15.6&#8221; em 1680D"},"content":{"rendered":"<div class=\"texto\">A Dynamic Backpack \u00e9 uma mochila urbana que se distingue pela sua versatilidade e dualidade. O seu design eficiente permite-lhe que seja um objeto \u00fanico e vers\u00e1til que se multiplica discretamente numa mochila e numa sacola de viagem. A mochila em c.sint\u00e9tico 1680D tem dois bolsos no interior, que permitem proteger seu notebook at\u00e9 15.6&#8221; e seu tablet at\u00e9 10.5&#8221;. A espa\u00e7osa sacola de viagem permite organizar na perfei\u00e7\u00e3o sua roupa para uma viagem de 2 ou 3 dias. Possui bolso antirroubo na parte posterior e fechos com banda el\u00e1stica com placa em PU. A Dynamic Backpack tem ainda um encaixe para trolley que sublinha o seu lado pr\u00e1tico e funcional. As duas partes desta mochila, podem ser usadas separadamente ou como uma pe\u00e7a \u00fanica. Fornecida em sacola de non-woven. 300 x 420 x 200 mm | Mochila: 300 x 420 x 75 mm |Sacola de viagem: 300 x 420 x 130 mm | Sacola em Non-woven: 550 x 580 x 210 mm<\/div>\n<div class=\"icons\">\n<div class=\"icon\"><img decoding=\"async\" src=\"https:\/\/www.spotgifts.com.br\/fotos\/pictogramas\/94_laptop_inches_6519448566628d789d1a7f.png\" alt=\"SPOT\" \/><\/div>\n<div class=\"icon\"><img decoding=\"async\" src=\"https:\/\/www.spotgifts.com.br\/fotos\/pictogramas\/106_tablet_inches_13818537496628da9f1c42a.png\" alt=\"SPOT\" \/><\/div>\n<\/div>\n","protected":false},"excerpt":{"rendered":"<p>A Dynamic Backpack \u00e9 uma mochila urbana que se distingue pela sua versatilidade e dualidade. O seu design eficiente permite-lhe que seja um objeto \u00fanico e vers\u00e1til que se multiplica discretamente numa mochila e numa sacola de viagem. A mochila em c.sint\u00e9tico 1680D tem dois bolsos no interior, que permitem proteger seu notebook at\u00e9 15.6&#8221; [&hellip;]<\/p>\n","protected":false},"featured_media":1470,"comment_status":"open","ping_status":"closed","template":"","meta":{"_joinchat":[]},"product_cat":[21],"product_tag":[],"_links":{"self":[{"href":"https:\/\/camisetasebrindesexpress.com.br\/index.php\/wp-json\/wp\/v2\/product\/1464"}],"collection":[{"href":"https:\/\/camisetasebrindesexpress.com.br\/index.php\/wp-json\/wp\/v2\/product"}],"about":[{"href":"https:\/\/camisetasebrindesexpress.com.br\/index.php\/wp-json\/wp\/v2\/types\/product"}],"replies":[{"embeddable":true,"href":"https:\/\/camisetasebrindesexpress.com.br\/index.php\/wp-json\/wp\/v2\/comments?post=1464"}],"wp:featuredmedia":[{"embeddable":true,"href":"https:\/\/camisetasebrindesexpress.com.br\/index.php\/wp-json\/wp\/v2\/media\/1470"}],"wp:attachment":[{"href":"https:\/\/camisetasebrindesexpress.com.br\/index.php\/wp-json\/wp\/v2\/media?parent=1464"}],"wp:term":[{"taxonomy":"product_cat","embeddable":true,"href":"https:\/\/camisetasebrindesexpress.com.br\/index.php\/wp-json\/wp\/v2\/product_cat?post=1464"},{"taxonomy":"product_tag","embeddable":true,"href":"https:\/\/camisetasebrindesexpress.com.br\/index.php\/wp-json\/wp\/v2\/product_tag?post=1464"}],"curies":[{"name":"wp","href":"https:\/\/api.w.org\/{rel}","templated":true}]}}