{"id":1307,"date":"2024-05-14T12:28:59","date_gmt":"2024-05-14T15:28:59","guid":{"rendered":"https:\/\/camisetasebrindesexpress.com.br\/?post_type=product&#038;p=1307"},"modified":"2024-05-14T12:28:59","modified_gmt":"2024-05-14T15:28:59","slug":"91491-dante-esferografica","status":"publish","type":"product","link":"https:\/\/camisetasebrindesexpress.com.br\/index.php\/produto\/91491-dante-esferografica\/","title":{"rendered":"91491 DANTE. Esferogr\u00e1fica"},"content":{"rendered":"<div class=\"texto\">Esferogr\u00e1fica em alum\u00ednio com clipe de metal e grip. At\u00e9 1,5 km de escrita. \u00f810 x 136 mm<\/div>\n<div class=\"icons\">\n<div class=\"icon\"><img decoding=\"async\" src=\"https:\/\/www.spotgifts.com.br\/fotos\/pictogramas\/escrita_azul_1140046434610cfc6d6c097.png\" alt=\"SPOT\" \/><\/div>\n<\/div>\n","protected":false},"excerpt":{"rendered":"<p>Esferogr\u00e1fica em alum\u00ednio com clipe de metal e grip. At\u00e9 1,5 km de escrita. \u00f810 x 136 mm<\/p>\n","protected":false},"featured_media":1312,"comment_status":"open","ping_status":"closed","template":"","meta":{"_joinchat":[]},"product_cat":[20],"product_tag":[],"_links":{"self":[{"href":"https:\/\/camisetasebrindesexpress.com.br\/index.php\/wp-json\/wp\/v2\/product\/1307"}],"collection":[{"href":"https:\/\/camisetasebrindesexpress.com.br\/index.php\/wp-json\/wp\/v2\/product"}],"about":[{"href":"https:\/\/camisetasebrindesexpress.com.br\/index.php\/wp-json\/wp\/v2\/types\/product"}],"replies":[{"embeddable":true,"href":"https:\/\/camisetasebrindesexpress.com.br\/index.php\/wp-json\/wp\/v2\/comments?post=1307"}],"wp:featuredmedia":[{"embeddable":true,"href":"https:\/\/camisetasebrindesexpress.com.br\/index.php\/wp-json\/wp\/v2\/media\/1312"}],"wp:attachment":[{"href":"https:\/\/camisetasebrindesexpress.com.br\/index.php\/wp-json\/wp\/v2\/media?parent=1307"}],"wp:term":[{"taxonomy":"product_cat","embeddable":true,"href":"https:\/\/camisetasebrindesexpress.com.br\/index.php\/wp-json\/wp\/v2\/product_cat?post=1307"},{"taxonomy":"product_tag","embeddable":true,"href":"https:\/\/camisetasebrindesexpress.com.br\/index.php\/wp-json\/wp\/v2\/product_tag?post=1307"}],"curies":[{"name":"wp","href":"https:\/\/api.w.org\/{rel}","templated":true}]}}