{"id":1301,"date":"2024-05-14T00:41:02","date_gmt":"2024-05-14T03:41:02","guid":{"rendered":"https:\/\/camisetasebrindesexpress.com.br\/?post_type=product&#038;p=1301"},"modified":"2024-05-14T00:41:02","modified_gmt":"2024-05-14T03:41:02","slug":"51140-poppins-esferografica-em-aluminio-com-corpo-colorido","status":"publish","type":"product","link":"https:\/\/camisetasebrindesexpress.com.br\/index.php\/produto\/51140-poppins-esferografica-em-aluminio-com-corpo-colorido\/","title":{"rendered":"51140 POPPINS. Esferogr\u00e1fica em alum\u00ednio com corpo colorido"},"content":{"rendered":"<p>Esferogr\u00e1fica em alum\u00ednio com corpo colorido e acabamento emborrachado. At\u00e9 1,5 km de escrita. \u00f810 x 137 mm<\/p>\n","protected":false},"excerpt":{"rendered":"<p>Esferogr\u00e1fica em alum\u00ednio com corpo colorido e acabamento emborrachado. At\u00e9 1,5 km de escrita. \u00f810 x 137 mm<\/p>\n","protected":false},"featured_media":1302,"comment_status":"open","ping_status":"closed","template":"","meta":{"_joinchat":[]},"product_cat":[20],"product_tag":[],"_links":{"self":[{"href":"https:\/\/camisetasebrindesexpress.com.br\/index.php\/wp-json\/wp\/v2\/product\/1301"}],"collection":[{"href":"https:\/\/camisetasebrindesexpress.com.br\/index.php\/wp-json\/wp\/v2\/product"}],"about":[{"href":"https:\/\/camisetasebrindesexpress.com.br\/index.php\/wp-json\/wp\/v2\/types\/product"}],"replies":[{"embeddable":true,"href":"https:\/\/camisetasebrindesexpress.com.br\/index.php\/wp-json\/wp\/v2\/comments?post=1301"}],"wp:featuredmedia":[{"embeddable":true,"href":"https:\/\/camisetasebrindesexpress.com.br\/index.php\/wp-json\/wp\/v2\/media\/1302"}],"wp:attachment":[{"href":"https:\/\/camisetasebrindesexpress.com.br\/index.php\/wp-json\/wp\/v2\/media?parent=1301"}],"wp:term":[{"taxonomy":"product_cat","embeddable":true,"href":"https:\/\/camisetasebrindesexpress.com.br\/index.php\/wp-json\/wp\/v2\/product_cat?post=1301"},{"taxonomy":"product_tag","embeddable":true,"href":"https:\/\/camisetasebrindesexpress.com.br\/index.php\/wp-json\/wp\/v2\/product_tag?post=1301"}],"curies":[{"name":"wp","href":"https:\/\/api.w.org\/{rel}","templated":true}]}}