{"id":1150,"date":"2024-05-09T13:09:06","date_gmt":"2024-05-09T16:09:06","guid":{"rendered":"https:\/\/camisetasebrindesexpress.com.br\/?post_type=product&#038;p=1150"},"modified":"2024-05-09T13:09:06","modified_gmt":"2024-05-09T16:09:06","slug":"91834-plock-conjunto-de-esferografica-e-lapiseira-em-aluminio","status":"publish","type":"product","link":"https:\/\/camisetasebrindesexpress.com.br\/index.php\/produto\/91834-plock-conjunto-de-esferografica-e-lapiseira-em-aluminio\/","title":{"rendered":"91834 PLOCK. Conjunto de esferogr\u00e1fica e lapiseira em alum\u00ednio"},"content":{"rendered":"<div class=\"texto\">Conjunto de esferogr\u00e1fica e lapiseira em alum\u00ednio. Esferogr\u00e1fica at\u00e9 1,5 km de escrita. Lapiseira com grafite 0.5 mm. Incluso estojo. \u00f811 x 137 mm | Estojo: 165 x 50 x 24 mm<\/div>\n<div class=\"icons\">\n<div class=\"icon\"><img decoding=\"async\" src=\"https:\/\/www.spotgifts.com.br\/fotos\/pictogramas\/escrita_azul_1140046434610cfc6d6c097.png\" alt=\"SPOT\" \/><\/div>\n<\/div>\n","protected":false},"excerpt":{"rendered":"<p>Conjunto de esferogr\u00e1fica e lapiseira em alum\u00ednio. Esferogr\u00e1fica at\u00e9 1,5 km de escrita. Lapiseira com grafite 0.5 mm. Incluso estojo. \u00f811 x 137 mm | Estojo: 165 x 50 x 24 mm<\/p>\n","protected":false},"featured_media":1153,"comment_status":"open","ping_status":"closed","template":"","meta":{"_joinchat":[]},"product_cat":[20],"product_tag":[],"_links":{"self":[{"href":"https:\/\/camisetasebrindesexpress.com.br\/index.php\/wp-json\/wp\/v2\/product\/1150"}],"collection":[{"href":"https:\/\/camisetasebrindesexpress.com.br\/index.php\/wp-json\/wp\/v2\/product"}],"about":[{"href":"https:\/\/camisetasebrindesexpress.com.br\/index.php\/wp-json\/wp\/v2\/types\/product"}],"replies":[{"embeddable":true,"href":"https:\/\/camisetasebrindesexpress.com.br\/index.php\/wp-json\/wp\/v2\/comments?post=1150"}],"wp:featuredmedia":[{"embeddable":true,"href":"https:\/\/camisetasebrindesexpress.com.br\/index.php\/wp-json\/wp\/v2\/media\/1153"}],"wp:attachment":[{"href":"https:\/\/camisetasebrindesexpress.com.br\/index.php\/wp-json\/wp\/v2\/media?parent=1150"}],"wp:term":[{"taxonomy":"product_cat","embeddable":true,"href":"https:\/\/camisetasebrindesexpress.com.br\/index.php\/wp-json\/wp\/v2\/product_cat?post=1150"},{"taxonomy":"product_tag","embeddable":true,"href":"https:\/\/camisetasebrindesexpress.com.br\/index.php\/wp-json\/wp\/v2\/product_tag?post=1150"}],"curies":[{"name":"wp","href":"https:\/\/api.w.org\/{rel}","templated":true}]}}