{"id":1116,"date":"2024-05-09T12:08:02","date_gmt":"2024-05-09T15:08:02","guid":{"rendered":"https:\/\/camisetasebrindesexpress.com.br\/?post_type=product&#038;p=1116"},"modified":"2024-05-09T12:08:02","modified_gmt":"2024-05-09T15:08:02","slug":"91792-monet-caneta-sem-tinta-em-aluminio-com-ponta-de-liga-metalica","status":"publish","type":"product","link":"https:\/\/camisetasebrindesexpress.com.br\/index.php\/produto\/91792-monet-caneta-sem-tinta-em-aluminio-com-ponta-de-liga-metalica\/","title":{"rendered":"91792 MONET. Caneta sem tinta em alum\u00ednio com ponta de liga met\u00e1lica"},"content":{"rendered":"<div class=\"texto\">Caneta sem tinta em alum\u00ednio com ponta de liga met\u00e1lica com grafite capaz de durar por muito tempo e tampa protetora em pl\u00e1stico. At\u00e9 2 km de escrita. N\u00e3o \u00e9 necess\u00e1rio afiar e pode apagar o que escrever. Fornecida em caixa kraft preta. \u00f88 x 153 mm<\/div>\n<div class=\"icons\">\n<div class=\"icon\"><img decoding=\"async\" src=\"https:\/\/www.spotgifts.com.br\/fotos\/pictogramas\/caixa_oferta_1264245494610cfcfc63cad.png\" alt=\"SPOT\" \/><\/div>\n<\/div>\n","protected":false},"excerpt":{"rendered":"<p>Caneta sem tinta em alum\u00ednio com ponta de liga met\u00e1lica com grafite capaz de durar por muito tempo e tampa protetora em pl\u00e1stico. At\u00e9 2 km de escrita. N\u00e3o \u00e9 necess\u00e1rio afiar e pode apagar o que escrever. Fornecida em caixa kraft preta. \u00f88 x 153 mm<\/p>\n","protected":false},"featured_media":1121,"comment_status":"open","ping_status":"closed","template":"","meta":{"_joinchat":[]},"product_cat":[20],"product_tag":[],"_links":{"self":[{"href":"https:\/\/camisetasebrindesexpress.com.br\/index.php\/wp-json\/wp\/v2\/product\/1116"}],"collection":[{"href":"https:\/\/camisetasebrindesexpress.com.br\/index.php\/wp-json\/wp\/v2\/product"}],"about":[{"href":"https:\/\/camisetasebrindesexpress.com.br\/index.php\/wp-json\/wp\/v2\/types\/product"}],"replies":[{"embeddable":true,"href":"https:\/\/camisetasebrindesexpress.com.br\/index.php\/wp-json\/wp\/v2\/comments?post=1116"}],"wp:featuredmedia":[{"embeddable":true,"href":"https:\/\/camisetasebrindesexpress.com.br\/index.php\/wp-json\/wp\/v2\/media\/1121"}],"wp:attachment":[{"href":"https:\/\/camisetasebrindesexpress.com.br\/index.php\/wp-json\/wp\/v2\/media?parent=1116"}],"wp:term":[{"taxonomy":"product_cat","embeddable":true,"href":"https:\/\/camisetasebrindesexpress.com.br\/index.php\/wp-json\/wp\/v2\/product_cat?post=1116"},{"taxonomy":"product_tag","embeddable":true,"href":"https:\/\/camisetasebrindesexpress.com.br\/index.php\/wp-json\/wp\/v2\/product_tag?post=1116"}],"curies":[{"name":"wp","href":"https:\/\/api.w.org\/{rel}","templated":true}]}}