{"id":1104,"date":"2024-05-09T12:04:53","date_gmt":"2024-05-09T15:04:53","guid":{"rendered":"https:\/\/camisetasebrindesexpress.com.br\/?post_type=product&#038;p=1104"},"modified":"2024-05-09T12:04:53","modified_gmt":"2024-05-09T15:04:53","slug":"91844-doublette-conjunto-de-roller-e-esferografica-em-metal","status":"publish","type":"product","link":"https:\/\/camisetasebrindesexpress.com.br\/index.php\/produto\/91844-doublette-conjunto-de-roller-e-esferografica-em-metal\/","title":{"rendered":"91844 DOUBLETTE. Conjunto de roller e esferogr\u00e1fica em metal"},"content":{"rendered":"<div class=\"texto\">Conjunto de roller e esferogr\u00e1fica em metal com ponteira touch e clipe. Esferogr\u00e1fica com mecanismo twist e at\u00e9 1,5 km de escrita. Fornecida em estojo almofadado. Esferogr\u00e1fica: \u00f811 x 128,6 mm | Roller: \u00f811 x 131,4 mm | Estojo: 175 x 55 x 25 mm<\/div>\n<div class=\"icons\">\n<div class=\"icon\"><img decoding=\"async\" src=\"https:\/\/www.spotgifts.com.br\/fotos\/pictogramas\/escrita_azul_1140046434610cfc6d6c097.png\" alt=\"SPOT\" \/><\/div>\n<div class=\"icon\"><img decoding=\"async\" src=\"https:\/\/www.spotgifts.com.br\/fotos\/pictogramas\/caixa_oferta_1264245494610cfcfc63cad.png\" alt=\"SPOT\" \/><\/div>\n<div class=\"icon\"><img decoding=\"async\" src=\"https:\/\/www.spotgifts.com.br\/fotos\/pictogramas\/touch_tip_1515971026646622b01b340.png\" alt=\"SPOT\" \/><\/div>\n<\/div>\n","protected":false},"excerpt":{"rendered":"<p>Conjunto de roller e esferogr\u00e1fica em metal com ponteira touch e clipe. Esferogr\u00e1fica com mecanismo twist e at\u00e9 1,5 km de escrita. Fornecida em estojo almofadado. Esferogr\u00e1fica: \u00f811 x 128,6 mm | Roller: \u00f811 x 131,4 mm | Estojo: 175 x 55 x 25 mm<\/p>\n","protected":false},"featured_media":1107,"comment_status":"open","ping_status":"closed","template":"","meta":{"_joinchat":[]},"product_cat":[20],"product_tag":[],"_links":{"self":[{"href":"https:\/\/camisetasebrindesexpress.com.br\/index.php\/wp-json\/wp\/v2\/product\/1104"}],"collection":[{"href":"https:\/\/camisetasebrindesexpress.com.br\/index.php\/wp-json\/wp\/v2\/product"}],"about":[{"href":"https:\/\/camisetasebrindesexpress.com.br\/index.php\/wp-json\/wp\/v2\/types\/product"}],"replies":[{"embeddable":true,"href":"https:\/\/camisetasebrindesexpress.com.br\/index.php\/wp-json\/wp\/v2\/comments?post=1104"}],"wp:featuredmedia":[{"embeddable":true,"href":"https:\/\/camisetasebrindesexpress.com.br\/index.php\/wp-json\/wp\/v2\/media\/1107"}],"wp:attachment":[{"href":"https:\/\/camisetasebrindesexpress.com.br\/index.php\/wp-json\/wp\/v2\/media?parent=1104"}],"wp:term":[{"taxonomy":"product_cat","embeddable":true,"href":"https:\/\/camisetasebrindesexpress.com.br\/index.php\/wp-json\/wp\/v2\/product_cat?post=1104"},{"taxonomy":"product_tag","embeddable":true,"href":"https:\/\/camisetasebrindesexpress.com.br\/index.php\/wp-json\/wp\/v2\/product_tag?post=1104"}],"curies":[{"name":"wp","href":"https:\/\/api.w.org\/{rel}","templated":true}]}}